{"id":3181,"date":"2018-09-10T17:46:27","date_gmt":"2018-09-10T15:46:27","guid":{"rendered":"https:\/\/vinipavan.it\/azienda\/"},"modified":"2021-05-16T16:15:20","modified_gmt":"2021-05-16T14:15:20","slug":"unternehmen","status":"publish","type":"page","link":"https:\/\/vinipavan.it\/de\/unternehmen\/","title":{"rendered":"UNTERNEHMEN"},"content":{"rendered":"<div class=\"wpb-content-wrapper\"><p>[vc_row][vc_column][vc_column_text]<\/p>\n<h4 style=\"text-align: center;\"><strong>Besuchen Sie unseren Betrieb und unsere Weinberge.<\/strong><\/h4>\n<p>[\/vc_column_text][vc_column_text]<\/p>\n<h6 style=\"text-align: center;\">Verkosten Sie die seit 1919 mit derselben Hingabe und denselben Werten \u00fcberlieferte Kultur und Tradition.<\/h6>\n<p>[\/vc_column_text][vc_empty_space height=&#8221;80px&#8221;][vc_video link=&#8221;https:\/\/youtu.be\/xx1UtL8a3Bs&#8221; align=&#8221;center&#8221;][vc_empty_space height=&#8221;60px&#8221;][vc_separator style=&#8221;shadow&#8221; border_width=&#8221;8&#8243;][vc_empty_space height=&#8221;60px&#8221;][vc_video link=&#8221;https:\/\/youtu.be\/J2tGe-1k4kk&#8221; align=&#8221;center&#8221;][vc_empty_space height=&#8221;60px&#8221;][vc_separator style=&#8221;shadow&#8221; border_width=&#8221;8&#8243;][\/vc_column][\/vc_row][vc_row][vc_column][vc_column_text]<\/p>\n<h4 style=\"text-align: center;\">Unsere Geschichte<\/h4>\n<p>[\/vc_column_text][vc_empty_space height=&#8221;50px&#8221;][vc_row_inner][vc_column_inner width=&#8221;1\/2&#8243;][vc_column_text]Die Weinherstellungstradition der Familie Pavan besteht seit 1919. Im Laufe dieser Jahre hat sich die T\u00e4tigkeit unseres Unternehmens auf der Grundlage der Produktionsbed\u00fcrfnisse der nationalen M\u00e4rkte st\u00e4ndig weiterentwickelt.<\/p>\n<p>Das Unternehmen Vini Pavan hat beachtliche Dimensionen erreicht und bietet so ausreichend Raum f\u00fcr die Produktionst\u00e4tigkeit unter Einsatz modernster Technologien, wobei die Naturreinheit das besondere Merkmal bleibt.<\/p>\n<p><em>Die typische Duftnote und Gro\u00dfz\u00fcgigkeit unserer Weine vermitteln dem Verkoster Tradition und menschliche Werte der venetischen Kultur, weitergegeben von einem Familienunternehmen, das es verstanden hat, die Werte von harter Arbeit und Engagement mit denen der Offenheit f\u00fcr Innovationen zu verbinden.<\/em>[\/vc_column_text][\/vc_column_inner][vc_column_inner width=&#8221;1\/2&#8243;][vc_gallery type=&#8221;nivo&#8221; interval=&#8221;3&#8243; images=&#8221;1726,1728,1730,1724&#8243; img_size=&#8221;large&#8221;][\/vc_column_inner][\/vc_row_inner][vc_empty_space height=&#8221;60px&#8221;][vc_separator style=&#8221;shadow&#8221; border_width=&#8221;8&#8243;][\/vc_column][\/vc_row][vc_row][vc_column][vc_column_text]<\/p>\n<h4 style=\"text-align: center;\">Produktion und Logistik<\/h4>\n<p>[\/vc_column_text][vc_empty_space height=&#8221;50&#8243;][vc_row_inner][vc_column_inner width=&#8221;1\/2&#8243;][vc_gallery type=&#8221;nivo&#8221; interval=&#8221;3&#8243; images=&#8221;1736,1734,1732&#8243; img_size=&#8221;large&#8221;][\/vc_column_inner][vc_column_inner width=&#8221;1\/2&#8243;][vc_column_text]<em>Der gesamte Produktionszyklus, von der Traube bis zum verpackten Wein, findet vollst\u00e4ndig in unserer Kellerei statt. Ein Teil des vermarkteten Weins ist das Ergebnis der Weinbereitung von Trauben aus unseren Weinbergen, der Rest durch Ankauf des Rohstoffs Trauben, Most und Wein aus lokalen Betrieben und landwirtschaftlichen Genossenschaften, die im Laufe der Jahre sorgf\u00e4ltig ausgew\u00e4hlt wurden.<\/em><\/p>\n<p>Bei der Weinherstellung setzen wir modernste Techniken und Werkzeuge ein. F\u00fcr die Herstellung von Schaumweinen verwenden wir die &#8220;Charmat-Methode&#8221;, die nat\u00fcrliche G\u00e4rung im Autoklav. So auch sind wir in der Lage, unter Einhaltung der Lebensmittelvorschriften gesunde und unverf\u00e4lschte Produkte anzubieten. Die Abf\u00fcllanlage ist vollst\u00e4ndig automatisiert und besteht aus zahlreichen Maschinen, die es uns erm\u00f6glichen, eine sehr breite Produktpalette anzubieten. So stellen wir die folgenden Flaschengr\u00f6\u00dfen, ausgedr\u00fcckt in Litern, her: 0,25; 0,5; 0,75; 1,0; 1,5; 2,0; 3,0. Die verwendeten Verschl\u00fcsse sind der Schraubverschluss (sowohl der traditionelle als auch der &#8220;Stelvin&#8221;), der Korkverschluss sowohl in der Ausf\u00fchrung Satin als auch Pilz; wir bieten auch den Kronkorken, der seit kurzem \u201ewieder in Mode gekommen\u201c ist. [\/vc_column_text][\/vc_column_inner][\/vc_row_inner][vc_row_inner][vc_column_inner width=&#8221;1\/2&#8243;][vc_empty_space height=&#8221;30px&#8221;][vc_column_text]F\u00fcr die Etikettierung sind wir in der Lage, unsere Flaschen sowohl mit dem klassischen Papier- und Leimetikett als auch mit modernsten Selbstklebeetiketten zu verpacken.<br \/>\nWas die Verpackung betrifft, so bieten wir je nach Kapazit\u00e4t Mehrweg-Pfand in Kunststoffk\u00f6rben mit 6\/12 Flaschen an; Einwegsystem in Kartons mit 6\/12 Flaschen und in Schrumpffolie verpackte B\u00fcndel mit 6\/12 Flaschen. Wir verf\u00fcgen auch \u00fcber zwei vollautomatische Fassabf\u00fcllanlagen f\u00fcr 20\/25- und 30-Liter-&#8220;F\u00e4sser&#8221;. Alternativ k\u00f6nnen wir davon abweichende Dimensionen im Auftrag Dritter erzeugen.<\/p>\n<p>Unser Interesse zur Anpassung an die Marktnachfrage hat uns auch dazu veranlasst, in Bag-in-Box verpackten Wein mit jeweils 3; 5; 10 und 20 Litern anzubieten. Dennoch bauen wir auf Tradition. Und so verkaufen wir die Weine auch weiterhin in den Korbflaschen, die wir in den folgenden Gr\u00f6\u00dfen anbieten: 5, 15, 34 und 54 Liter.<\/p>\n<p><em>Die im Laufe der Jahre gesammelte Erfahrung und die hohe Produktionskapazit\u00e4t erm\u00f6glichen es uns, eine Produktion &#8220;auf Lager&#8221; zu machen und so Ausf\u00e4lle und zu lange Lagerbest\u00e4nde in unserem Weinsortiment zu verhindern.<\/em> Wir sind mit einem gro\u00dfen, \u00fcberdachten Lager f\u00fcr die Lagerung von Fertigprodukten ausgestattet, die mit modernen elektrisch\/elektronischen Fahrzeugen man\u00f6vriert werden.<\/p>\n<p>Die Lieferung unserer Weine nach Nord- und Mittelitalien erfolgt ausschlie\u00dflich mit unserem eigenen Personal und unseren eigenen Lastwagen, um den &#8220;Dienst des Mehrweg-Systems&#8221;, in dem wir uns f\u00fcr einen \u00f6kologisch nachhaltigen Fortschritt unseres Planeten einsetzen, korrekt und konstant durchzuf\u00fchren.<\/p>\n<p>Die LKWs der Flotte verf\u00fcgen \u00fcber verschiedene Gr\u00f6\u00dfen und Kapazit\u00e4ten und sind alle mit hydraulischen Ladebordw\u00e4nden ausgestattet. Die Kombination all dieser Faktoren erm\u00f6glicht es uns, die Bed\u00fcrfnisse der Kunden am besten zu erf\u00fcllen, indem wir in der Regel Datum und Uhrzeit der Warenlieferung vereinbaren.<br \/>\nF\u00fcr nicht erfasste Bestimmungsorte in Italien sowie f\u00fcr kleine Mengen setzen wir gelegentlich einen lokalen, schnell und genau arbeitenden Kurier ein.<br \/>\nWas den Verkauf au\u00dferhalb Italiens anbelangt, so verkaufen wir zwar ab Erzeugerbetrieb, bieten jedoch die daf\u00fcr notwendige Unterst\u00fctzung und wettbewerbsf\u00e4hige Preise.[\/vc_column_text][\/vc_column_inner][vc_column_inner width=&#8221;1\/2&#8243;][vc_empty_space height=&#8221;30px&#8221;][vc_gallery type=&#8221;nivo&#8221; interval=&#8221;3&#8243; images=&#8221;1744,1742,1740,1738&#8243; img_size=&#8221;large&#8221;][vc_column_text]<\/p>\n<h5 style=\"text-align: center;\">Erzeugung<\/h5>\n<p>[\/vc_column_text][vc_empty_space height=&#8221;30px&#8221;][vc_progress_bar values=&#8221;%5B%7B%22label%22%3A%22STILLE%20WEINE%22%2C%22value%22%3A%2235%22%2C%22color%22%3A%22bar_red%22%7D%2C%7B%22label%22%3A%22PERLWEINE%22%2C%22value%22%3A%2240%22%2C%22color%22%3A%22bar_red%22%7D%2C%7B%22label%22%3A%22SCHAUMWEINE%22%2C%22value%22%3A%2225%22%2C%22color%22%3A%22bar_red%22%7D%5D&#8221; bgcolor=&#8221;bar_black&#8221; units=&#8221;%&#8221;][\/vc_column_inner][\/vc_row_inner][vc_empty_space height=&#8221;60px&#8221;][vc_separator style=&#8221;shadow&#8221; border_width=&#8221;8&#8243;][\/vc_column][\/vc_row][vc_row][vc_column][vc_column_text]<\/p>\n<h4 style=\"text-align: center;\">Verfahren<\/h4>\n<p>[\/vc_column_text][vc_row_inner][vc_column_inner width=&#8221;1\/12&#8243;]<span class=\"sc_icon icon-hourglass aligncenter\" style=\"font-weight:100;font-size:90px; line-height: 1em;color:#b2936d;\"><\/span>[\/vc_column_inner][vc_column_inner width=&#8221;5\/12&#8243;][vc_column_text]<\/p>\n<h6>Herstellungsverfahren<\/h6>\n<p>Der gesamte Produktionszyklus, von der Traube bis zum verpackten Wein, findet vollst\u00e4ndig in unserer Kellerei statt. Ein Teil des vermarkteten Weins ist das Ergebnis der Weinbereitung von Trauben aus unseren Weinbergen, der Rest durch Ankauf des Rohstoffs Trauben, Most und Wein aus lokalen Betrieben und landwirtschaftlichen Genossenschaften, die im Laufe der Jahre sorgf\u00e4ltig ausgew\u00e4hlt wurden.[\/vc_column_text][\/vc_column_inner][vc_column_inner width=&#8221;1\/12&#8243;]<span class=\"sc_icon icon-location aligncenter\" style=\"font-weight:100;font-size:90px; line-height: 1em;color:#b2936d;\"><\/span>[\/vc_column_inner][vc_column_inner width=&#8221;5\/12&#8243;][vc_column_text]<\/p>\n<h6>Lagerung der Produkte<\/h6>\n<p>Die im Laufe der Jahre gesammelte Erfahrung und die hohe Produktionskapazit\u00e4t erm\u00f6glichen es uns, eine Produktion &#8220;auf Lager&#8221; zu machen und so Ausf\u00e4lle und zu lange Lagerbest\u00e4nde in unserem Weinsortiment zu verhindern. Wir sind mit einem gro\u00dfen, \u00fcberdachten Lager f\u00fcr die Lagerung von Fertigprodukten ausgestattet, die mit modernen elektrisch\/elektronischen Fahrzeugen man\u00f6vriert werden.[\/vc_column_text][\/vc_column_inner][\/vc_row_inner][vc_row_inner][vc_column_inner width=&#8221;1\/12&#8243;]<span class=\"sc_icon icon-cogs aligncenter\" style=\"font-weight:100;font-size:75px; line-height: 1em;color:#b2936d;\"><\/span>[\/vc_column_inner][vc_column_inner width=&#8221;5\/12&#8243;][vc_column_text]<\/p>\n<h6>Verarbeitungsprozess<\/h6>\n<p>Bei der Weinherstellung setzen wir modernste Techniken und Werkzeuge ein. F\u00fcr die Herstellung von Schaumweinen verwenden wir die &#8220;Charmat-Methode&#8221;, die nat\u00fcrliche G\u00e4rung im Autoklav.<br \/>\nSo auch sind wir in der Lage, unter Einhaltung der Lebensmittelvorschriften gesunde und unverf\u00e4lschte Produkte anzubieten.[\/vc_column_text][\/vc_column_inner][vc_column_inner width=&#8221;1\/12&#8243;]<span class=\"sc_icon icon-lock-light aligncenter\" style=\"font-weight:100;font-size:80px; line-height: 1em;color:#b2936d;\"><\/span>[\/vc_column_inner][vc_column_inner width=&#8221;5\/12&#8243;][vc_column_text]<\/p>\n<h6>Abf\u00fcllanlage<\/h6>\n<p>Die Abf\u00fcllanlage ist vollst\u00e4ndig automatisiert und besteht aus zahlreichen Maschinen, die es uns erm\u00f6glichen, eine sehr breite Produktpalette anzubieten. So stellen wir die folgenden Flaschengr\u00f6\u00dfen, ausgedr\u00fcckt in Litern, her: 0,25; 0,5; 0,75; 1,0; 1,5; 2,0; 3,0. Die verwendeten Verschl\u00fcsse sind der Schraubverschluss (sowohl der traditionelle als auch der &#8220;Stelvin&#8221;), der Korkverschluss sowohl in der Ausf\u00fchrung Satin als auch Pilz; wir bieten auch den Kronkorken, der seit kurzem \u201ewieder in Mode gekommen\u201c ist.[\/vc_column_text][\/vc_column_inner][\/vc_row_inner][vc_empty_space height=&#8221;50px&#8221;][\/vc_column][\/vc_row]<\/p>\n<\/div>","protected":false},"excerpt":{"rendered":"<p>[vc_row][vc_column][vc_column_text] Besuchen Sie unseren Betrieb und unsere Weinberge. [\/vc_column_text][vc_column_text] Verkosten Sie die seit 1919 mit derselben Hingabe und denselben Werten \u00fcberlieferte Kultur und Tradition. [\/vc_column_text][vc_empty_space height=&#8221;80px&#8221;][vc_video link=&#8221;https:\/\/youtu.be\/xx1UtL8a3Bs&#8221; align=&#8221;center&#8221;][vc_empty_space height=&#8221;60px&#8221;][vc_separator style=&#8221;shadow&#8221; border_width=&#8221;8&#8243;][vc_empty_space height=&#8221;60px&#8221;][vc_video link=&#8221;https:\/\/youtu.be\/J2tGe-1k4kk&#8221; align=&#8221;center&#8221;][vc_empty_space height=&#8221;60px&#8221;][vc_separator style=&#8221;shadow&#8221; border_width=&#8221;8&#8243;][\/vc_column][\/vc_row][vc_row][vc_column][vc_column_text] Unsere Geschichte [\/vc_column_text][vc_empty_space height=&#8221;50px&#8221;][vc_row_inner][vc_column_inner width=&#8221;1\/2&#8243;][vc_column_text]Die Weinherstellungstradition der Familie Pavan besteht seit 1919. Im Laufe dieser Jahre hat sich [&hellip;]<\/p>\n","protected":false},"author":1,"featured_media":0,"parent":0,"menu_order":0,"comment_status":"closed","ping_status":"closed","template":"","meta":{"_acf_changed":false,"footnotes":""},"class_list":["post-3181","page","type-page","status-publish","hentry"],"acf":[],"_links":{"self":[{"href":"https:\/\/vinipavan.it\/de\/wp-json\/wp\/v2\/pages\/3181"}],"collection":[{"href":"https:\/\/vinipavan.it\/de\/wp-json\/wp\/v2\/pages"}],"about":[{"href":"https:\/\/vinipavan.it\/de\/wp-json\/wp\/v2\/types\/page"}],"author":[{"embeddable":true,"href":"https:\/\/vinipavan.it\/de\/wp-json\/wp\/v2\/users\/1"}],"replies":[{"embeddable":true,"href":"https:\/\/vinipavan.it\/de\/wp-json\/wp\/v2\/comments?post=3181"}],"version-history":[{"count":2,"href":"https:\/\/vinipavan.it\/de\/wp-json\/wp\/v2\/pages\/3181\/revisions"}],"predecessor-version":[{"id":4741,"href":"https:\/\/vinipavan.it\/de\/wp-json\/wp\/v2\/pages\/3181\/revisions\/4741"}],"wp:attachment":[{"href":"https:\/\/vinipavan.it\/de\/wp-json\/wp\/v2\/media?parent=3181"}],"curies":[{"name":"wp","href":"https:\/\/api.w.org\/{rel}","templated":true}]}}