{"id":3722,"date":"2016-05-10T07:35:27","date_gmt":"2016-05-10T07:35:27","guid":{"rendered":"https:\/\/vinipavan.it\/contatti\/"},"modified":"2021-05-16T15:43:19","modified_gmt":"2021-05-16T13:43:19","slug":"kontakt","status":"publish","type":"page","link":"https:\/\/vinipavan.it\/de\/kontakt\/","title":{"rendered":"KONTAKT"},"content":{"rendered":"<div class=\"wpb-content-wrapper\"><p>[vc_row full_width=&#8221;stretch_row_content_no_spaces&#8221;][vc_column][vc_raw_html]JTNDaWZyYW1lJTIwc3JjJTNEJTIyaHR0cHMlM0ElMkYlMkZ3d3cuZ29vZ2xlLmNvbSUyRm1hcHMlMkZlbWJlZCUzRnBiJTNEJTIxMW0xOCUyMTFtMTIlMjExbTMlMjExZDI3ODkuMDQzNjA5NTA2Mjg5NiUyMTJkMTIuMzE2NzcwOTUxNTQzMzEyJTIxM2Q0NS42NDk5NDU5NzkwMDExMSUyMTJtMyUyMTFmMCUyMTJmMCUyMTNmMCUyMTNtMiUyMTFpMTAyNCUyMTJpNzY4JTIxNGYxMy4xJTIxM20zJTIxMW0yJTIxMXMweDQ3Nzk0OTIzOWMyNWM2ZjclMjUzQTB4YTU2YWY5MmYyODg4YTRmMCUyMTJzVklOSSUyNTIwUEFWQU4lMjE1ZTAlMjEzbTIlMjExc2l0JTIxMnNpdCUyMTR2MTU4MTYwMjU5MTQyNyUyMTVtMiUyMTFzaXQlMjEyc2l0JTIyJTIwd2lkdGglM0QlMjIxMDAlMjUlMjIlMjBoZWlnaHQlM0QlMjI0MDAlMjIlMjBmcmFtZWJvcmRlciUzRCUyMjAlMjIlMjBzdHlsZSUzRCUyMmJvcmRlciUzQTAlM0IlMjIlMjBhbGxvd2Z1bGxzY3JlZW4lM0QlMjIlMjIlM0UlM0MlMkZpZnJhbWUlM0U=[\/vc_raw_html][\/vc_column][\/vc_row][vc_row full_width=&#8221;stretch_row&#8221; equal_height=&#8221;yes&#8221; inverse=&#8221;&#8221;][vc_column width=&#8221;1\/2&#8243;][vc_empty_space height=&#8221;120px&#8221;][vc_column_text]<span style=\"color: #b2936d;\">Anfrage absenden<\/span>[\/vc_column_text][vc_empty_space height=&#8221;30px&#8221;]\n<div class=\"wpcf7 no-js\" id=\"wpcf7-f3729-o1\" lang=\"it-IT\" dir=\"ltr\">\n<div class=\"screen-reader-response\"><p role=\"status\" aria-live=\"polite\" aria-atomic=\"true\"><\/p> <ul><\/ul><\/div>\n<form action=\"\/de\/wp-json\/wp\/v2\/pages\/3722#wpcf7-f3729-o1\" method=\"post\" class=\"wpcf7-form init\" aria-label=\"Modulo di contatto\" novalidate=\"novalidate\" data-status=\"init\">\n<div style=\"display: none;\">\n<input type=\"hidden\" name=\"_wpcf7\" value=\"3729\" \/>\n<input type=\"hidden\" name=\"_wpcf7_version\" value=\"5.9.8\" \/>\n<input type=\"hidden\" name=\"_wpcf7_locale\" value=\"it_IT\" \/>\n<input type=\"hidden\" name=\"_wpcf7_unit_tag\" value=\"wpcf7-f3729-o1\" \/>\n<input type=\"hidden\" name=\"_wpcf7_container_post\" value=\"0\" \/>\n<input type=\"hidden\" name=\"_wpcf7_posted_data_hash\" value=\"\" \/>\n<input type=\"hidden\" name=\"_wpcf7_recaptcha_response\" value=\"\" \/>\n<\/div>\n<div class=\"two_columns_50_50 clearfix\">\n<div class=\"column1\">\n<div class=\"column_inner\">\n<span class=\"wpcf7-form-control-wrap\" data-name=\"your-name\"><input size=\"40\" maxlength=\"400\" class=\"wpcf7-form-control wpcf7-text wpcf7-validates-as-required\" aria-required=\"true\" aria-invalid=\"false\" placeholder=\"Name*\" value=\"\" type=\"text\" name=\"your-name\" \/><\/span>\n<\/div>\n<\/div>\n<br>\n<div class=\"column2\">\n<div class=\"column_inner\">\n<span class=\"wpcf7-form-control-wrap\" data-name=\"email\"><input size=\"40\" maxlength=\"100\" class=\"wpcf7-form-control wpcf7-email wpcf7-validates-as-required wpcf7-text wpcf7-validates-as-email\" aria-required=\"true\" aria-invalid=\"false\" placeholder=\"Email*\" value=\"\" type=\"email\" name=\"email\" \/><\/span>\n<\/div>\n<\/div>\n<\/div>\n<br>\n<div class=\"two_columns_50_50 clearfix\">\n<div class=\"column1\">\n<div class=\"column_inner\">\n<span class=\"wpcf7-form-control-wrap\" data-name=\"Ragionesociale\"><input size=\"40\" maxlength=\"400\" class=\"wpcf7-form-control wpcf7-text\" aria-invalid=\"false\" placeholder=\"Firmenname\" value=\"\" type=\"text\" name=\"Ragionesociale\" \/><\/span>\n<\/div>\n<\/div>\n<br>\n<div class=\"column2\">\n<div class=\"column_inner\">\n<span class=\"wpcf7-form-control-wrap\" data-name=\"partitaiva\"><input size=\"40\" maxlength=\"400\" class=\"wpcf7-form-control wpcf7-text\" aria-invalid=\"false\" placeholder=\"USt-ID-Nr.\" value=\"\" type=\"text\" name=\"partitaiva\" \/><\/span>\n<\/div>\n<\/div>\n<\/div>\n<br>\n<p><span class=\"wpcf7-form-control-wrap\" data-name=\"message\"><textarea cols=\"40\" rows=\"10\" maxlength=\"2000\" class=\"wpcf7-form-control wpcf7-textarea wpcf7-validates-as-required\" aria-required=\"true\" aria-invalid=\"false\" placeholder=\"Schreiben Sie Ihre Nachricht\u2026\" name=\"message\"><\/textarea><\/span><\/p>\n<p><a href=\"https:\/\/www.iubenda.com\/privacy-policy\/7789893\" target=\"_blank\">Privacy*<\/a>\n<span class=\"wpcf7-form-control-wrap\" data-name=\"checkbox-114\"><span class=\"wpcf7-form-control wpcf7-checkbox wpcf7-validates-as-required\"><span class=\"wpcf7-list-item first last\"><input type=\"checkbox\" name=\"checkbox-114[]\" value=\"Ich stimme der Verarbeitung meiner pers\u00f6nlichen Daten gem\u00e4\u00df der Verordnung (EU) 2016\/679 des Europ\u00e4ischen Parlaments und des Rates vom 27. April 2016 \u00fcber die Verarbeitung personenbezogener Daten zur Aufhebung der Richtlinie 95\/46\/EG (Allgemeine Datenschutzverordnung) zu. Die Daten werden f\u00fcr einen Zeitraum von 24 Monaten aufbewahrt.\" \/><span class=\"wpcf7-list-item-label\">Ich stimme der Verarbeitung meiner pers\u00f6nlichen Daten gem\u00e4\u00df der Verordnung (EU) 2016\/679 des Europ\u00e4ischen Parlaments und des Rates vom 27. April 2016 \u00fcber die Verarbeitung personenbezogener Daten zur Aufhebung der Richtlinie 95\/46\/EG (Allgemeine Datenschutzverordnung) zu. Die Daten werden f\u00fcr einen Zeitraum von 24 Monaten aufbewahrt.<\/span><\/span><\/span><\/span><\/p><\/br>\n\n<p>&nbsp;<\/p>\n<p><input class=\"wpcf7-form-control wpcf7-submit has-spinner\" type=\"submit\" value=\"SENDEN\" \/><\/p><div class=\"wpcf7-response-output\" aria-hidden=\"true\"><\/div>\n<\/form>\n<\/div>\n[\/vc_column][vc_column width=&#8221;1\/2&#8243;][vc_empty_space height=&#8221;120px&#8221;][vc_column_text]<span style=\"color: #b2936d;\">Fahrpl\u00e4ne<\/span><\/p>\n<p><span style=\"color: #000000;\">Mo &#8211; Fr. 8.00 &#8211; 12.00 13.30 &#8211; 17.30<\/span><\/p>\n<p><span style=\"color: #000000;\">Sa. &#8211; So. geschlossen<\/span><\/p>\n<p><span style=\"color: #b2936d;\">Adresse<\/span><\/p>\n<p><span style=\"color: #000000;\">Via Gorizia, 62 31048<\/span><\/p>\n<p><span style=\"color: #000000;\">Spercenigo di San Biagio di Callalta TV<\/span><\/p>\n<p>&nbsp;<\/p>\n<p>Telefon<\/p>\n<p><a href=\"tel:+39 0422 893232\" rel=\"noopener\"><span style=\"color: #000000;\">+39 0422 893232<\/span><\/a><\/p>\n<p><span style=\"color: #b2936d;\">Fax<\/span><\/p>\n<p><span style=\"color: #000000;\">+39 0422 893253<\/span><\/p>\n<p><span style=\"color: #b2936d;\">Email<\/span><\/p>\n<p><a href=\"mailto:info@vinipavan.it\" target=\"_blank\" rel=\"noopener noreferrer\"><span style=\"color: #000000;\">info@vinipavan.it<\/span><\/a><\/p>\n<p><a href=\"mailto:vinipavan@vinipavan.it\" target=\"_blank\" rel=\"noopener noreferrer\"><span style=\"color: #000000;\">vinipavan@vinipavan.it<\/span><\/a>[\/vc_column_text][\/vc_column][\/vc_row][vc_row][vc_column]<div class=\"columns_wrap sc_columns columns_nofluid sc_columns_count_3 margin_top_large\"><div class=\"column-1_3 sc_column_item sc_column_item_1 odd first\"><\/div><div class=\"column-1_3 sc_column_item sc_column_item_2 even\"><\/div><div class=\"column-1_3 sc_column_item sc_column_item_3 odd\"><\/div><\/div>[\/vc_column][\/vc_row]<\/p>\n<\/div>","protected":false},"excerpt":{"rendered":"<p>[vc_row full_width=&#8221;stretch_row_content_no_spaces&#8221;][vc_column][vc_raw_html]JTNDaWZyYW1lJTIwc3JjJTNEJTIyaHR0cHMlM0ElMkYlMkZ3d3cuZ29vZ2xlLmNvbSUyRm1hcHMlMkZlbWJlZCUzRnBiJTNEJTIxMW0xOCUyMTFtMTIlMjExbTMlMjExZDI3ODkuMDQzNjA5NTA2Mjg5NiUyMTJkMTIuMzE2NzcwOTUxNTQzMzEyJTIxM2Q0NS42NDk5NDU5NzkwMDExMSUyMTJtMyUyMTFmMCUyMTJmMCUyMTNmMCUyMTNtMiUyMTFpMTAyNCUyMTJpNzY4JTIxNGYxMy4xJTIxM20zJTIxMW0yJTIxMXMweDQ3Nzk0OTIzOWMyNWM2ZjclMjUzQTB4YTU2YWY5MmYyODg4YTRmMCUyMTJzVklOSSUyNTIwUEFWQU4lMjE1ZTAlMjEzbTIlMjExc2l0JTIxMnNpdCUyMTR2MTU4MTYwMjU5MTQyNyUyMTVtMiUyMTFzaXQlMjEyc2l0JTIyJTIwd2lkdGglM0QlMjIxMDAlMjUlMjIlMjBoZWlnaHQlM0QlMjI0MDAlMjIlMjBmcmFtZWJvcmRlciUzRCUyMjAlMjIlMjBzdHlsZSUzRCUyMmJvcmRlciUzQTAlM0IlMjIlMjBhbGxvd2Z1bGxzY3JlZW4lM0QlMjIlMjIlM0UlM0MlMkZpZnJhbWUlM0U=[\/vc_raw_html][\/vc_column][\/vc_row][vc_row full_width=&#8221;stretch_row&#8221; equal_height=&#8221;yes&#8221; inverse=&#8221;&#8221;][vc_column width=&#8221;1\/2&#8243;][vc_empty_space height=&#8221;120px&#8221;][vc_column_text]Anfrage absenden[\/vc_column_text][vc_empty_space height=&#8221;30px&#8221;][\/vc_column][vc_column width=&#8221;1\/2&#8243;][vc_empty_space height=&#8221;120px&#8221;][vc_column_text]Fahrpl\u00e4ne Mo &#8211; Fr. 8.00 &#8211; 12.00 13.30 &#8211; 17.30 Sa. &#8211; So. geschlossen Adresse Via Gorizia, 62 31048 Spercenigo di San Biagio di Callalta TV &nbsp; Telefon +39 0422 893232 Fax +39 0422 893253 Email info@vinipavan.it vinipavan@vinipavan.it[\/vc_column_text][\/vc_column][\/vc_row][vc_row][vc_column][\/vc_column][\/vc_row]<\/p>\n","protected":false},"author":1,"featured_media":0,"parent":0,"menu_order":0,"comment_status":"closed","ping_status":"closed","template":"","meta":{"_acf_changed":false,"footnotes":""},"class_list":["post-3722","page","type-page","status-publish","hentry"],"acf":[],"_links":{"self":[{"href":"https:\/\/vinipavan.it\/de\/wp-json\/wp\/v2\/pages\/3722"}],"collection":[{"href":"https:\/\/vinipavan.it\/de\/wp-json\/wp\/v2\/pages"}],"about":[{"href":"https:\/\/vinipavan.it\/de\/wp-json\/wp\/v2\/types\/page"}],"author":[{"embeddable":true,"href":"https:\/\/vinipavan.it\/de\/wp-json\/wp\/v2\/users\/1"}],"replies":[{"embeddable":true,"href":"https:\/\/vinipavan.it\/de\/wp-json\/wp\/v2\/comments?post=3722"}],"version-history":[{"count":2,"href":"https:\/\/vinipavan.it\/de\/wp-json\/wp\/v2\/pages\/3722\/revisions"}],"predecessor-version":[{"id":4744,"href":"https:\/\/vinipavan.it\/de\/wp-json\/wp\/v2\/pages\/3722\/revisions\/4744"}],"wp:attachment":[{"href":"https:\/\/vinipavan.it\/de\/wp-json\/wp\/v2\/media?parent=3722"}],"curies":[{"name":"wp","href":"https:\/\/api.w.org\/{rel}","templated":true}]}}