{"id":4082,"date":"2020-12-17T16:15:41","date_gmt":"2020-12-17T15:15:41","guid":{"rendered":"https:\/\/vinipavan.it\/prodotto\/prosecco-rose-doc-extra-dry\/"},"modified":"2021-05-13T18:10:16","modified_gmt":"2021-05-13T16:10:16","slug":"prosecco-rose-doc-extra-dry-de","status":"publish","type":"product","link":"https:\/\/vinipavan.it\/de\/prodotto\/prosecco-rose-doc-extra-dry-de\/","title":{"rendered":"PROSECCO ROS\u00c9 DOC EXTRA DRY"},"content":{"rendered":"<p>Prosecco Ros\u00e8 DOC Spumante Extra Dry 0,75 lt.<br \/>\nRos\u00e9-Schaumwein, der aus Trauben aus dem Prosecco DOC-Gebiet mit klassischen und traditionellen Techniken gewonnen wird.<br \/>\nProsecco Ros\u00e9 entsteht aus einer Mischung aus Glera und Pinot Noir.<\/p>\n<p><strong>Abstimmung<\/strong><\/p>\n<p>Hervorragend geeignet in geselligen Momenten wie f\u00fcr einen Aperitif oder als Zutat in Fruchtcocktails. In Buffets oder am Tisch passt er gut zu Fischgerichten und unterstreicht ganz hervorragend Gerichte mit gegrillten Schalentieren und Meeresfr\u00fcchten. Auch hervorragend mit gebratenem Gem\u00fcse und Bl\u00e4tterteig.<\/p>\n<p align=\"JUSTIFY\"><strong>COD: 863 520 703<\/strong><\/p>\n","protected":false},"excerpt":{"rendered":"<p>Prosecco Ros\u00e8 DOC Spumante Extra Dry 0,75 lt.<\/p>\n","protected":false},"featured_media":3857,"template":"","meta":{"_acf_changed":false},"product_cat":[1101,1100],"product_tag":[],"class_list":{"0":"post-4082","1":"product","2":"type-product","3":"status-publish","4":"has-post-thumbnail","6":"product_cat-linie-sekt","7":"product_cat-sektweine","8":"pa_country-of-origin-das-anbaugebiet-des-prosecco-doc-befindet-sich-im-nordoestlichen-teil-italiens-einer-der-schoensten-gegenden-der-italienischen-halbinsel","9":"pa_ean-code-8000084841713-de","10":"pa_grado-alcolico-11-vol-extra-dry-de","11":"pa_organic-features-blassrosa-farbe-mit-einer-feinen-und-anhaltenden-perlbildung-in-der-nase-angenehm-fruchtig-mit-leichter-duftnote-nach-walderdbeeren-im-gaumen-frisch-zart-und-harmonisch","12":"pa_packaging-075-liter-flasche-korkverschluss-in-pilzform-mit-ueberzug-in-6er-kartons","13":"pa_temperature-8-10-c-de","14":"pa_vineyard-glera-de","15":"pa_vineyard-pinot-nero-de","17":"first","18":"instock","19":"shipping-taxable","20":"product-type-simple"},"acf":[],"_links":{"self":[{"href":"https:\/\/vinipavan.it\/de\/wp-json\/wp\/v2\/product\/4082"}],"collection":[{"href":"https:\/\/vinipavan.it\/de\/wp-json\/wp\/v2\/product"}],"about":[{"href":"https:\/\/vinipavan.it\/de\/wp-json\/wp\/v2\/types\/product"}],"wp:featuredmedia":[{"embeddable":true,"href":"https:\/\/vinipavan.it\/de\/wp-json\/wp\/v2\/media\/3857"}],"wp:attachment":[{"href":"https:\/\/vinipavan.it\/de\/wp-json\/wp\/v2\/media?parent=4082"}],"wp:term":[{"taxonomy":"product_cat","embeddable":true,"href":"https:\/\/vinipavan.it\/de\/wp-json\/wp\/v2\/product_cat?post=4082"},{"taxonomy":"product_tag","embeddable":true,"href":"https:\/\/vinipavan.it\/de\/wp-json\/wp\/v2\/product_tag?post=4082"}],"curies":[{"name":"wp","href":"https:\/\/api.w.org\/{rel}","templated":true}]}}