{"id":4100,"date":"2020-09-28T11:25:12","date_gmt":"2020-09-28T09:25:12","guid":{"rendered":"https:\/\/vinipavan.it\/prodotto\/pinot-bianco-veneto-igt-15-l-korkverschluss\/"},"modified":"2021-05-13T09:51:51","modified_gmt":"2021-05-13T07:51:51","slug":"pinot-bianco-veneto-igt-15-l-korkverschluss-de","status":"publish","type":"product","link":"https:\/\/vinipavan.it\/de\/prodotto\/pinot-bianco-veneto-igt-15-l-korkverschluss-de\/","title":{"rendered":"PINOT BIANCO VENETO IGT 1,5 LT- KORK VERSCHLUSS"},"content":{"rendered":"<p align=\"JUSTIFY\">Pinot Bianco Veneto IGT 1,5 l &#8211; Kork Verschluss<\/p>\n<p align=\"JUSTIFY\"><strong>Abstimmung<\/strong><\/p>\n<p align=\"JUSTIFY\">Wein &#8220;f\u00fcr jeden Tag\u201c. Dank seiner Frische und seinem m\u00e4\u00dfigen Alkoholgehalt passt er gut zu kalten Vorspeisen, Nudel- und Reissalaten, wei\u00dfem Fleisch und magerem Fisch.<\/p>\n<p align=\"JUSTIFY\"><strong>COD: 420 611 503<\/strong><\/p>\n","protected":false},"excerpt":{"rendered":"<p>Pinot Bianco Veneto IGT 1,5 l &#8211; Kork Verschluss<\/p>\n","protected":false},"featured_media":3791,"template":"","meta":{"_acf_changed":false},"product_cat":[1078,1087,1084],"product_tag":[],"class_list":{"0":"post-4100","1":"product","2":"type-product","3":"status-publish","4":"has-post-thumbnail","6":"product_cat-korkverschluss","7":"product_cat-linie-fattoria-weine-12-vol","8":"product_cat-stille-weine","9":"pa_country-of-origin-venetien-hier-bevorzugen-wir-insbesondere-einige-im-laufe-der-jahre-ausgewaehlte-gebiete-in-den-provinzen-treviso-und-venedig","10":"pa_ean-code-8000084371517-de","11":"pa_grado-alcolico-gr-eff-115-vol-gr-tot-12-vol-lieblich","12":"pa_organic-features-farbe-strohgelb-geschmack-frisch-und-fruchtig-bouquet-delikat-leicht-duftend-de","13":"pa_packaging-15-liter-flasche-zuckerkorken-im-karton-mit-6-flaschen","14":"pa_temperature-8-10-c-de","15":"pa_vineyard-pinot-bianco-de","17":"first","18":"instock","19":"shipping-taxable","20":"product-type-simple"},"acf":[],"_links":{"self":[{"href":"https:\/\/vinipavan.it\/de\/wp-json\/wp\/v2\/product\/4100"}],"collection":[{"href":"https:\/\/vinipavan.it\/de\/wp-json\/wp\/v2\/product"}],"about":[{"href":"https:\/\/vinipavan.it\/de\/wp-json\/wp\/v2\/types\/product"}],"wp:featuredmedia":[{"embeddable":true,"href":"https:\/\/vinipavan.it\/de\/wp-json\/wp\/v2\/media\/3791"}],"wp:attachment":[{"href":"https:\/\/vinipavan.it\/de\/wp-json\/wp\/v2\/media?parent=4100"}],"wp:term":[{"taxonomy":"product_cat","embeddable":true,"href":"https:\/\/vinipavan.it\/de\/wp-json\/wp\/v2\/product_cat?post=4100"},{"taxonomy":"product_tag","embeddable":true,"href":"https:\/\/vinipavan.it\/de\/wp-json\/wp\/v2\/product_tag?post=4100"}],"curies":[{"name":"wp","href":"https:\/\/api.w.org\/{rel}","templated":true}]}}