{"id":4102,"date":"2020-09-17T15:57:08","date_gmt":"2020-09-17T13:57:08","guid":{"rendered":"https:\/\/vinipavan.it\/prodotto\/merlot-veneto-igt-15-l-korkverschluss\/"},"modified":"2021-05-13T10:41:48","modified_gmt":"2021-05-13T08:41:48","slug":"merlot-veneto-igt-15-l-korkverschluss-de","status":"publish","type":"product","link":"https:\/\/vinipavan.it\/de\/prodotto\/merlot-veneto-igt-15-l-korkverschluss-de\/","title":{"rendered":"Merlot Veneto IGT 1,5 l &#8211; KORK VERSCHLUSS"},"content":{"rendered":"<p align=\"JUSTIFY\">Merlot Veneto IGT 1,5 l &#8211; Kork Verschluss<\/p>\n<p align=\"JUSTIFY\"><strong>Abstimmung<\/strong><\/p>\n<p align=\"JUSTIFY\">Wein \u201ef\u00fcr jeden Tag\u201c. Dank seiner Frische und seines moderaten Alkoholgehalts k\u00f6nnen Sie diesen Wein mit Ihren t\u00e4glichen Speisen kombinieren. Er kommt am besten bei aufwendigen Suppen (Pasta und Bohnen) und vollmundigen ersten G\u00e4ngen (Amatriciana) sowie Fleischgerichten zum Ausdruck.<\/p>\n<p align=\"JUSTIFY\"><strong>COD: 100 611 503<\/strong><\/p>\n","protected":false},"excerpt":{"rendered":"<p>Merlot Veneto IGT 1,5 l &#8211; Kork Verschluss<\/p>\n","protected":false},"featured_media":3758,"template":"","meta":{"_acf_changed":false},"product_cat":[1078,1088,1084],"product_tag":[],"class_list":{"0":"post-4102","1":"product","2":"type-product","3":"status-publish","4":"has-post-thumbnail","6":"product_cat-korkverschluss","7":"product_cat-linie-fattoria-rotwein-12-vol","8":"product_cat-stille-weine","9":"pa_country-of-origin-venetien-hier-bevorzugen-wir-insbesondere-einige-im-laufe-der-jahre-ausgewaehlte-gebiete-in-den-provinzen-treviso-und-venedig","10":"pa_ean-code-8000084331511-de","11":"pa_grado-alcolico-gr-eff-115-vol-gr-tot-12-vol-lieblich","12":"pa_organic-features-farbe-rubinrot-mit-der-richtigen-intensitat-geschmack-masig-tanninhaltig-etwas-weich-harmonisch-bouquet-weinig-intensiv-charakteristisch","13":"pa_packaging-15-liter-flasche-zuckerkorken-im-karton-mit-6-flaschen","14":"pa_temperature-16-18-c-de","15":"pa_vineyard-merlot-de","17":"first","18":"instock","19":"shipping-taxable","20":"product-type-simple"},"acf":[],"_links":{"self":[{"href":"https:\/\/vinipavan.it\/de\/wp-json\/wp\/v2\/product\/4102"}],"collection":[{"href":"https:\/\/vinipavan.it\/de\/wp-json\/wp\/v2\/product"}],"about":[{"href":"https:\/\/vinipavan.it\/de\/wp-json\/wp\/v2\/types\/product"}],"wp:featuredmedia":[{"embeddable":true,"href":"https:\/\/vinipavan.it\/de\/wp-json\/wp\/v2\/media\/3758"}],"wp:attachment":[{"href":"https:\/\/vinipavan.it\/de\/wp-json\/wp\/v2\/media?parent=4102"}],"wp:term":[{"taxonomy":"product_cat","embeddable":true,"href":"https:\/\/vinipavan.it\/de\/wp-json\/wp\/v2\/product_cat?post=4102"},{"taxonomy":"product_tag","embeddable":true,"href":"https:\/\/vinipavan.it\/de\/wp-json\/wp\/v2\/product_tag?post=4102"}],"curies":[{"name":"wp","href":"https:\/\/api.w.org\/{rel}","templated":true}]}}