{"id":4139,"date":"2016-08-31T00:00:00","date_gmt":"2016-08-30T22:00:00","guid":{"rendered":"https:\/\/vinipavan.it\/prodotto\/tai-bianco-veneto-igt-025-lt\/"},"modified":"2021-05-13T18:52:24","modified_gmt":"2021-05-13T16:52:24","slug":"tai-bianco-veneto-igt-025-lt-de","status":"publish","type":"product","link":"https:\/\/vinipavan.it\/de\/prodotto\/tai-bianco-veneto-igt-025-lt-de\/","title":{"rendered":"TAI BIANCO VENETO IGT 0,25 LT."},"content":{"rendered":"<p><span lang=\"it-IT\">Tai Bianco Veneto IGT 0,25 l &#8211; Linie <\/span>\u201c<span lang=\"it-IT\">Casavecia<\/span>\u201d &#8211; Schraubverschluss<\/p>\n<p align=\"JUSTIFY\"><strong>Abstimmung<\/strong><\/p>\n<p align=\"JUSTIFY\">Ein junger, m\u00e4\u00dfig alkoholischer &#8220;trinkfertiger&#8221; Wein. Passt hervorragend zu Suppen und leichten Gerichten der t\u00e4glichen K\u00fcche.<\/p>\n<p align=\"JUSTIFY\"><strong>COD: 400 410 401<\/strong><\/p>\n","protected":false},"excerpt":{"rendered":"<p><span lang=\"it-IT\">Tai Bianco Veneto IGT 0,25 l &#8211; Linie <\/span>\u201c<span lang=\"it-IT\">Casavecia<\/span>\u201d &#8211; Schraubverschluss<\/p>\n","protected":false},"featured_media":4140,"template":"","meta":{"_acf_changed":false},"product_cat":[1080,1079],"product_tag":[],"class_list":{"0":"post-4139","1":"product","2":"type-product","3":"status-publish","4":"has-post-thumbnail","6":"product_cat-025-lt-flasche-viertelliter","7":"product_cat-schraubverschluss","8":"pa_country-of-origin-venetien-nsbesondere-bevorzugen-wir-hier-einige-im-laufe-der-jahre-sorgfaltig-ausgewahlte-gebiete-der-gegend-treviso-die-sich-unserer-meinung-nach-sehr-gut-fur-diesen-weinstock-eignen","9":"pa_ean-code-8000084190408-de","10":"pa_grado-alcolico-gr-eff-105-vol-gr-tot-11-vol-lieblich","11":"pa_organic-features-farbe-helles-strohgelb-leicht-zum-grunlichen-tendierend-geschmack-trocken-frisch-harmonisch-leicht-aromatisch-bouquet-zart-angenehm-charakteristisch","12":"pa_packaging-025-liter-flasche-schraubverschluss-in-30er-kartons","13":"pa_temperature-8-10-c-de","14":"pa_vineyard-tai-veneto-2-de","16":"first","17":"instock","18":"shipping-taxable","19":"product-type-simple"},"acf":[],"_links":{"self":[{"href":"https:\/\/vinipavan.it\/de\/wp-json\/wp\/v2\/product\/4139"}],"collection":[{"href":"https:\/\/vinipavan.it\/de\/wp-json\/wp\/v2\/product"}],"about":[{"href":"https:\/\/vinipavan.it\/de\/wp-json\/wp\/v2\/types\/product"}],"wp:featuredmedia":[{"embeddable":true,"href":"https:\/\/vinipavan.it\/de\/wp-json\/wp\/v2\/media\/4140"}],"wp:attachment":[{"href":"https:\/\/vinipavan.it\/de\/wp-json\/wp\/v2\/media?parent=4139"}],"wp:term":[{"taxonomy":"product_cat","embeddable":true,"href":"https:\/\/vinipavan.it\/de\/wp-json\/wp\/v2\/product_cat?post=4139"},{"taxonomy":"product_tag","embeddable":true,"href":"https:\/\/vinipavan.it\/de\/wp-json\/wp\/v2\/product_tag?post=4139"}],"curies":[{"name":"wp","href":"https:\/\/api.w.org\/{rel}","templated":true}]}}