{"id":4143,"date":"2016-08-18T00:00:00","date_gmt":"2016-08-17T22:00:00","guid":{"rendered":"https:\/\/vinipavan.it\/prodotto\/chardonnay-veneto-igt-0375-lt\/"},"modified":"2021-05-13T15:09:15","modified_gmt":"2021-05-13T13:09:15","slug":"chardonnay-veneto-igt-0375-lt-de","status":"publish","type":"product","link":"https:\/\/vinipavan.it\/de\/prodotto\/chardonnay-veneto-igt-0375-lt-de\/","title":{"rendered":"CHARDONNAY VENETO IGT &#8211; 0,375 lt."},"content":{"rendered":"<p lang=\"it-IT\">Chardonnay Veneto IGT 0,375 l Linie &#8220;San Biagio&#8221;<\/p>\n<p align=\"JUSTIFY\"><strong>Abstimmung<\/strong><\/p>\n<p align=\"JUSTIFY\">Weicher, aber gleichzeitig vollmundiger und kr\u00e4ftiger Wein, hervorragend zu Gem\u00fcsesuppen, gegrilltem Fisch und Ziegenk\u00e4se. Es lohnt sich, diesen Wein mit Vitello Tonnato zu probieren!<\/p>\n<p align=\"JUSTIFY\"><strong>COD: 490 710 303<\/strong><\/p>\n","protected":false},"excerpt":{"rendered":"<p lang=\"it-IT\">Chardonnay Veneto IGT 0,375 l Linie &#8220;San Biagio&#8221;<\/p>\n","protected":false},"featured_media":4144,"template":"","meta":{"_acf_changed":false},"product_cat":[1089,1084],"product_tag":[],"class_list":{"0":"post-4143","1":"product","2":"type-product","3":"status-publish","4":"has-post-thumbnail","6":"product_cat-linie-san-biagio-12-vol","7":"product_cat-stille-weine","8":"pa_country-of-origin-neben-der-verwendung-von-trauben-aus-unseren-eigenen-weinbergen-die-wir-selbst-vinifizieren-bevorzugen-wir-trauben-aus-anderen-im-laufe-der-jahre-ausgewaehlten-gebieten-in-den-provinzen-treviso-und","9":"pa_ean-code-8000084063788-de","10":"pa_grado-alcolico-12-vol-trocken","11":"pa_organic-features-farbe-strohgelb-geschmack-frisch-und-fruchtig-bouquet-delikat-leicht-duftend-de","12":"pa_packaging-0375-liter-flasche-silikonverschluss-in-20er-kartons","13":"pa_temperature-8-10-c-de","14":"pa_vineyard-chardonnay-de","16":"first","17":"instock","18":"shipping-taxable","19":"product-type-simple"},"acf":[],"_links":{"self":[{"href":"https:\/\/vinipavan.it\/de\/wp-json\/wp\/v2\/product\/4143"}],"collection":[{"href":"https:\/\/vinipavan.it\/de\/wp-json\/wp\/v2\/product"}],"about":[{"href":"https:\/\/vinipavan.it\/de\/wp-json\/wp\/v2\/types\/product"}],"wp:featuredmedia":[{"embeddable":true,"href":"https:\/\/vinipavan.it\/de\/wp-json\/wp\/v2\/media\/4144"}],"wp:attachment":[{"href":"https:\/\/vinipavan.it\/de\/wp-json\/wp\/v2\/media?parent=4143"}],"wp:term":[{"taxonomy":"product_cat","embeddable":true,"href":"https:\/\/vinipavan.it\/de\/wp-json\/wp\/v2\/product_cat?post=4143"},{"taxonomy":"product_tag","embeddable":true,"href":"https:\/\/vinipavan.it\/de\/wp-json\/wp\/v2\/product_tag?post=4143"}],"curies":[{"name":"wp","href":"https:\/\/api.w.org\/{rel}","templated":true}]}}