{"id":4155,"date":"2016-06-28T00:00:00","date_gmt":"2016-06-27T22:00:00","guid":{"rendered":"https:\/\/vinipavan.it\/prodotto\/merlot-veneto-igt-025-lt\/"},"modified":"2021-05-13T18:56:51","modified_gmt":"2021-05-13T16:56:51","slug":"merlot-veneto-igt-025-lt-de","status":"publish","type":"product","link":"https:\/\/vinipavan.it\/de\/prodotto\/merlot-veneto-igt-025-lt-de\/","title":{"rendered":"MERLOT VENETO IGT 0,25 LT."},"content":{"rendered":"<p><span lang=\"it-IT\">Merlot Veneto IGT 0,25 l Linie <\/span>\u201c<span lang=\"it-IT\">Casavecia<\/span>\u201d &#8211; Schraubverschluss<\/p>\n<p><strong>Abstimmung<\/strong><\/p>\n<p align=\"JUSTIFY\">Ein junger, m\u00e4\u00dfig alkoholischer &#8220;trinkfertiger&#8221; Wein. Passt gut zu allen Gerichten auf Fleischbasis sowie zu mittelreifem K\u00e4se.<\/p>\n<p align=\"JUSTIFY\"><strong>COD: 100 410 401<\/strong><\/p>\n","protected":false},"excerpt":{"rendered":"<p><span lang=\"it-IT\">Merlot Veneto IGT 0,25 l Linie <\/span>\u201c<span lang=\"it-IT\">Casavecia<\/span>\u201d &#8211; Schraubverschluss<\/p>\n","protected":false},"featured_media":4156,"template":"","meta":{"_acf_changed":false},"product_cat":[1080,1079],"product_tag":[],"class_list":{"0":"post-4155","1":"product","2":"type-product","3":"status-publish","4":"has-post-thumbnail","6":"product_cat-025-lt-flasche-viertelliter","7":"product_cat-schraubverschluss","8":"pa_country-of-origin-neben-der-verwendung-von-trauben-aus-unseren-eigenen-weinbergen-die-wir-selbst-vinifizieren-bevorzugen-wir-trauben-aus-anderen-im-laufe-der-jahre-ausgewaehlten-gebieten-in-den-provinzen-treviso-und","9":"pa_ean-code-8000084170400-de","10":"pa_grado-alcolico-gr-eff-105-vol-gr-tot-11-vol-lieblich","11":"pa_organic-features-farbe-leicht-kraeftiges-rubinrot-geschmack-harmonisch-dezent-weich-bouquet-leicht-grasartig","12":"pa_packaging-025-liter-flasche-schraubverschluss-in-30er-kartons","13":"pa_temperature-14-16-c-de","14":"pa_vineyard-merlot-de","16":"first","17":"instock","18":"shipping-taxable","19":"product-type-simple"},"acf":[],"_links":{"self":[{"href":"https:\/\/vinipavan.it\/de\/wp-json\/wp\/v2\/product\/4155"}],"collection":[{"href":"https:\/\/vinipavan.it\/de\/wp-json\/wp\/v2\/product"}],"about":[{"href":"https:\/\/vinipavan.it\/de\/wp-json\/wp\/v2\/types\/product"}],"wp:featuredmedia":[{"embeddable":true,"href":"https:\/\/vinipavan.it\/de\/wp-json\/wp\/v2\/media\/4156"}],"wp:attachment":[{"href":"https:\/\/vinipavan.it\/de\/wp-json\/wp\/v2\/media?parent=4155"}],"wp:term":[{"taxonomy":"product_cat","embeddable":true,"href":"https:\/\/vinipavan.it\/de\/wp-json\/wp\/v2\/product_cat?post=4155"},{"taxonomy":"product_tag","embeddable":true,"href":"https:\/\/vinipavan.it\/de\/wp-json\/wp\/v2\/product_tag?post=4155"}],"curies":[{"name":"wp","href":"https:\/\/api.w.org\/{rel}","templated":true}]}}