{"id":4166,"date":"2016-06-27T00:00:00","date_gmt":"2016-06-26T22:00:00","guid":{"rendered":"https:\/\/vinipavan.it\/prodotto\/cabernet-sauvignon-12-15-lt\/"},"modified":"2021-05-14T10:03:10","modified_gmt":"2021-05-14T08:03:10","slug":"cabernet-sauvignon-igt-12-15-lt-de","status":"publish","type":"product","link":"https:\/\/vinipavan.it\/de\/prodotto\/cabernet-sauvignon-igt-12-15-lt-de\/","title":{"rendered":"CABERNET SAUVIGNON IGT 12\u00b0 1,5 LT."},"content":{"rendered":"<p>Cabernet Sauvignon IGT 12\u00b0 VOL. &#8220;Doppel-Bordeaux\u201c 1,5 l &#8211; Schraubverschluss<\/p>\n<p><strong>Abstimmung<\/strong><\/p>\n<p align=\"JUSTIFY\">Wein \u201ef\u00fcr jeden Tag\u201c. Sie k\u00f6nnen diesen Wein zu jedem Ihrer Gerichte der Alltagsk\u00fcche verwenden. Er kommt am besten bei aufwendigen Suppen (Pasta und Bohnen) und vollmundigen ersten G\u00e4ngen (Amatriciana) sowie Fleischgerichten zum Ausdruck.<\/p>\n<p align=\"JUSTIFY\"><strong>COD: 110 711 504<\/strong><\/p>\n","protected":false},"excerpt":{"rendered":"<p>Cabernet Sauvignon IGT 12\u00b0 VOL. &#8220;Doppel-Bordeaux\u201c 1,5 l &#8211; Schraubverschluss<\/p>\n","protected":false},"featured_media":4167,"template":"","meta":{"_acf_changed":false},"product_cat":[1083,1079],"product_tag":[],"class_list":{"0":"post-4166","1":"product","2":"type-product","3":"status-publish","4":"has-post-thumbnail","6":"product_cat-15-lt-flasche","7":"product_cat-schraubverschluss","8":"pa_country-of-origin-venetien-insbesondere-das-oestliche-gebiet-einschliesslich-der-provinzen-treviso-und-venedig-die-fuer-diese-sorte-besonders-geeignet-sind","9":"pa_ean-code-8000084581541-de","10":"pa_grado-alcolico-12-vol-trocken","11":"pa_organic-features-farbe-rubinrot-geschmack-samtig-leicht-grasartig-bouquet-weinig-intensiv-charakteristisch","12":"pa_packaging-15-liter-flasche-schraubverschluss-in-6er-kartons","13":"pa_temperature-16-18-c-de","14":"pa_vineyard-cabernet-sauvignon-de","16":"first","17":"instock","18":"shipping-taxable","19":"product-type-simple"},"acf":[],"_links":{"self":[{"href":"https:\/\/vinipavan.it\/de\/wp-json\/wp\/v2\/product\/4166"}],"collection":[{"href":"https:\/\/vinipavan.it\/de\/wp-json\/wp\/v2\/product"}],"about":[{"href":"https:\/\/vinipavan.it\/de\/wp-json\/wp\/v2\/types\/product"}],"wp:featuredmedia":[{"embeddable":true,"href":"https:\/\/vinipavan.it\/de\/wp-json\/wp\/v2\/media\/4167"}],"wp:attachment":[{"href":"https:\/\/vinipavan.it\/de\/wp-json\/wp\/v2\/media?parent=4166"}],"wp:term":[{"taxonomy":"product_cat","embeddable":true,"href":"https:\/\/vinipavan.it\/de\/wp-json\/wp\/v2\/product_cat?post=4166"},{"taxonomy":"product_tag","embeddable":true,"href":"https:\/\/vinipavan.it\/de\/wp-json\/wp\/v2\/product_tag?post=4166"}],"curies":[{"name":"wp","href":"https:\/\/api.w.org\/{rel}","templated":true}]}}