{"id":4200,"date":"2015-11-27T00:00:00","date_gmt":"2015-11-26T23:00:00","guid":{"rendered":"https:\/\/vinipavan.it\/prodotto\/marzemino-veneto-frizzante-igt\/"},"modified":"2021-05-13T17:46:44","modified_gmt":"2021-05-13T15:46:44","slug":"marzemino-veneto-frizzante-igt-kork-de","status":"publish","type":"product","link":"https:\/\/vinipavan.it\/de\/prodotto\/marzemino-veneto-frizzante-igt-kork-de\/","title":{"rendered":"MARZEMINO VENETO FRIZZANTE IGT &#8211; KORK"},"content":{"rendered":"<p><span lang=\"it-IT\">Marzemino Veneto Frizzante IGT 0,75 l Linie &#8220;San Biagio&#8221;- Kork<\/span><br \/>\nPerlwein (durch nat\u00fcrliche G\u00e4rung gewonnen, &#8220;Charmat&#8221;-Methode)<\/p>\n<p align=\"JUSTIFY\"><strong>Abstimmung<\/strong><\/p>\n<p align=\"JUSTIFY\">Ein hervorragender Begleiter zu verpackten Geb\u00e4ckdesserts ohne Hefe, zu M\u00fcrbeteigkuchen mit frischem Obst, Trockengeb\u00e4ck und &#8220;Fregolotta&#8221;.<\/p>\n<p align=\"JUSTIFY\"><strong>COD: 754 520 703<\/strong><\/p>\n","protected":false},"excerpt":{"rendered":"<p><span lang=\"it-IT\">Marzemino Veneto Frizzante IGT 0,75 l Linie &#8220;San Biagio&#8221; &#8211; Kork<\/span><\/p>\n","protected":false},"featured_media":3587,"template":"","meta":{"_acf_changed":false},"product_cat":[1095,1092],"product_tag":[],"class_list":{"0":"post-4200","1":"product","2":"type-product","3":"status-publish","4":"has-post-thumbnail","6":"product_cat-linie-prickelnde-san-biagio-kork","7":"product_cat-prickelnde-weine","8":"pa_country-of-origin-venetien-hier-bevorzugen-wir-insbesondere-die-nordoestliche-gegend-der-provinz-treviso","9":"pa_ean-code-80000848530716-de","10":"pa_grado-alcolico-gr-eff-11-vol-gr-tot-13-vol-suser","11":"pa_organic-features-farbe-rubinrot-mit-violetten-raendern-geschmack-von-mittlerem-koerper-angenehm-suess-bouquet-intensiv-duftet-nach-roten-beeren","12":"pa_packaging-075-liter-flasche-korkverschluss-in-6er-kartons","13":"pa_temperature-14-15-c-de","14":"pa_vineyard-schwarzer-marzemino","16":"first","17":"instock","18":"shipping-taxable","19":"product-type-simple"},"acf":[],"_links":{"self":[{"href":"https:\/\/vinipavan.it\/de\/wp-json\/wp\/v2\/product\/4200"}],"collection":[{"href":"https:\/\/vinipavan.it\/de\/wp-json\/wp\/v2\/product"}],"about":[{"href":"https:\/\/vinipavan.it\/de\/wp-json\/wp\/v2\/types\/product"}],"wp:featuredmedia":[{"embeddable":true,"href":"https:\/\/vinipavan.it\/de\/wp-json\/wp\/v2\/media\/3587"}],"wp:attachment":[{"href":"https:\/\/vinipavan.it\/de\/wp-json\/wp\/v2\/media?parent=4200"}],"wp:term":[{"taxonomy":"product_cat","embeddable":true,"href":"https:\/\/vinipavan.it\/de\/wp-json\/wp\/v2\/product_cat?post=4200"},{"taxonomy":"product_tag","embeddable":true,"href":"https:\/\/vinipavan.it\/de\/wp-json\/wp\/v2\/product_tag?post=4200"}],"curies":[{"name":"wp","href":"https:\/\/api.w.org\/{rel}","templated":true}]}}