{"id":4205,"date":"2015-11-27T00:00:00","date_gmt":"2015-11-26T23:00:00","guid":{"rendered":"https:\/\/vinipavan.it\/prodotto\/tai-bianco-veneto-igt-2\/"},"modified":"2021-05-13T09:20:14","modified_gmt":"2021-05-13T07:20:14","slug":"tai-bianco-veneto-igt-de","status":"publish","type":"product","link":"https:\/\/vinipavan.it\/de\/prodotto\/tai-bianco-veneto-igt-de\/","title":{"rendered":"TAI BIANCO VENETO IGT"},"content":{"rendered":"<p><span lang=\"it-IT\">Tai Veneto IGT 0,75 Liter Linie <\/span>\u201c<span lang=\"it-IT\">Casavecia<\/span>\u201d<\/p>\n<p><strong>Abstimmung<\/strong><\/p>\n<p align=\"JUSTIFY\">Ein junger, m\u00e4\u00dfig alkoholischer &#8220;trinkfertiger&#8221; Wein. Passt hervorragend zu Suppen und leichten Gerichten der t\u00e4glichen K\u00fcche.<\/p>\n<p align=\"JUSTIFY\"><strong>COD: 400 420 703<\/strong><\/p>\n","protected":false},"excerpt":{"rendered":"<p><span lang=\"it-IT\">Tai Veneto IGT 0,75 Liter Linie <\/span>\u201c<span lang=\"it-IT\">Casavecia<\/span>\u201d<\/p>\n","protected":false},"featured_media":3676,"template":"","meta":{"_acf_changed":false},"product_cat":[1086,1084],"product_tag":[],"class_list":{"0":"post-4205","1":"product","2":"type-product","3":"status-publish","4":"has-post-thumbnail","6":"product_cat-linie-casavecia","7":"product_cat-stille-weine","8":"pa_country-of-origin-venetien-nsbesondere-bevorzugen-wir-hier-einige-im-laufe-der-jahre-sorgfaltig-ausgewahlte-gebiete-der-gegend-treviso-die-sich-unserer-meinung-nach-sehr-gut-fur-diesen-weinstock-eignen","9":"pa_ean-code-8000084190712-de","10":"pa_grado-alcolico-gr-eff-105-vol-gr-tot-11-vol-lieblich","11":"pa_organic-features-farbe-helles-strohgelb-leicht-zum-grunlichen-tendierend-geschmack-trocken-frisch-harmonisch-leicht-aromatisch-bouquet-zart-angenehm-charakteristisch","12":"pa_packaging-075-liter-flasche-korkverschluss-in-6er-kartons","13":"pa_temperature-8-10-c-de","14":"pa_vineyard-frueher-bekannt-unter-dem-namen-tocai-italico","16":"first","17":"instock","18":"shipping-taxable","19":"product-type-simple"},"acf":[],"_links":{"self":[{"href":"https:\/\/vinipavan.it\/de\/wp-json\/wp\/v2\/product\/4205"}],"collection":[{"href":"https:\/\/vinipavan.it\/de\/wp-json\/wp\/v2\/product"}],"about":[{"href":"https:\/\/vinipavan.it\/de\/wp-json\/wp\/v2\/types\/product"}],"wp:featuredmedia":[{"embeddable":true,"href":"https:\/\/vinipavan.it\/de\/wp-json\/wp\/v2\/media\/3676"}],"wp:attachment":[{"href":"https:\/\/vinipavan.it\/de\/wp-json\/wp\/v2\/media?parent=4205"}],"wp:term":[{"taxonomy":"product_cat","embeddable":true,"href":"https:\/\/vinipavan.it\/de\/wp-json\/wp\/v2\/product_cat?post=4205"},{"taxonomy":"product_tag","embeddable":true,"href":"https:\/\/vinipavan.it\/de\/wp-json\/wp\/v2\/product_tag?post=4205"}],"curies":[{"name":"wp","href":"https:\/\/api.w.org\/{rel}","templated":true}]}}