{"id":4218,"date":"2015-11-26T00:00:00","date_gmt":"2015-11-25T23:00:00","guid":{"rendered":"https:\/\/vinipavan.it\/prodotto\/pinot-bianco-veneto-igt-15-lt\/"},"modified":"2021-05-14T10:37:41","modified_gmt":"2021-05-14T08:37:41","slug":"pinot-bianco-veneto-igt-15-lt-de","status":"publish","type":"product","link":"https:\/\/vinipavan.it\/de\/prodotto\/pinot-bianco-veneto-igt-15-lt-de\/","title":{"rendered":"PINOT BIANCO VENETO IGT 1,5 LT."},"content":{"rendered":"<p>Pinot Bianco Veneto IGT 1,5 l &#8211; Schraubverschluss<\/p>\n<p><strong>Abstimmung<\/strong><\/p>\n<p align=\"JUSTIFY\">Wein &#8220;f\u00fcr jeden Tag\u201c. Dank seiner Frische und seinem m\u00e4\u00dfigen Alkoholgehalt passt er gut zu kalten Vorspeisen, Nudel- und Reissalaten, wei\u00dfem Fleisch und magerem Fisch.<\/p>\n<p align=\"JUSTIFY\"><strong>COD: 420 431 501<\/strong><\/p>\n<p align=\"JUSTIFY\">\n","protected":false},"excerpt":{"rendered":"<p>Pinot Bianco Veneto IGT 1,5 l &#8211; Schraubverschluss<\/p>\n","protected":false},"featured_media":4219,"template":"","meta":{"_acf_changed":false},"product_cat":[1083,1079],"product_tag":[],"class_list":{"0":"post-4218","1":"product","2":"type-product","3":"status-publish","4":"has-post-thumbnail","6":"product_cat-15-lt-flasche","7":"product_cat-schraubverschluss","8":"pa_country-of-origin-venetien-hier-bevorzugen-wir-insbesondere-einige-im-laufe-der-jahre-ausgewahlte-gebiete-in-den-provinzen-treviso-und-venedig","9":"pa_ean-code-8000084371531-de","10":"pa_grado-alcolico-gr-eff-105-vol-gr-tot-11-vol-lieblich","11":"pa_organic-features-farbe-strohgelb-geschmack-frisch-und-fruchtig-bouquet-delikat-leicht-duftend-de","12":"pa_packaging-15-liter-flasche-schraubverschluss-in-schrumpfpackungen-mit-6-flaschen","13":"pa_temperature-8-10-c-de","14":"pa_vineyard-pinot-bianco-de","16":"first","17":"instock","18":"shipping-taxable","19":"product-type-simple"},"acf":[],"_links":{"self":[{"href":"https:\/\/vinipavan.it\/de\/wp-json\/wp\/v2\/product\/4218"}],"collection":[{"href":"https:\/\/vinipavan.it\/de\/wp-json\/wp\/v2\/product"}],"about":[{"href":"https:\/\/vinipavan.it\/de\/wp-json\/wp\/v2\/types\/product"}],"wp:featuredmedia":[{"embeddable":true,"href":"https:\/\/vinipavan.it\/de\/wp-json\/wp\/v2\/media\/4219"}],"wp:attachment":[{"href":"https:\/\/vinipavan.it\/de\/wp-json\/wp\/v2\/media?parent=4218"}],"wp:term":[{"taxonomy":"product_cat","embeddable":true,"href":"https:\/\/vinipavan.it\/de\/wp-json\/wp\/v2\/product_cat?post=4218"},{"taxonomy":"product_tag","embeddable":true,"href":"https:\/\/vinipavan.it\/de\/wp-json\/wp\/v2\/product_tag?post=4218"}],"curies":[{"name":"wp","href":"https:\/\/api.w.org\/{rel}","templated":true}]}}