{"id":4234,"date":"2015-11-26T00:00:00","date_gmt":"2015-11-25T23:00:00","guid":{"rendered":"https:\/\/vinipavan.it\/prodotto\/bianco-baccos-15-lt\/"},"modified":"2021-05-14T12:07:21","modified_gmt":"2021-05-14T10:07:21","slug":"bianco-baccos-15-lt-de","status":"publish","type":"product","link":"https:\/\/vinipavan.it\/de\/prodotto\/bianco-baccos-15-lt-de\/","title":{"rendered":"BIANCO &#8220;BACCO&#8217;S&#8221; 1,5 LT."},"content":{"rendered":"<p>&#8220;Bacco\u2019s\u201c Wei\u00dfwein 1,5 l &#8211; Schraubverschluss<br \/>\nTafelwein<\/p>\n<p><strong>Abstimmung<\/strong><\/p>\n<p align=\"JUSTIFY\">Wein \u201ef\u00fcr jeden Tag\u201c. Dank seiner Frische und seines moderaten Alkoholgehalts k\u00f6nnen Sie diesen Wein mit Ihren t\u00e4glichen Speisen kombinieren. Passt hervorragend zu Suppen und weniger \u00fcppigen ersten G\u00e4ngen, frischem Fisch und K\u00e4se.<\/p>\n<p align=\"JUSTIFY\"><strong>Cod. 500 431 561<\/strong><\/p>\n","protected":false},"excerpt":{"rendered":"<p>&#8220;Bacco\u2019s\u201c Wei\u00dfwein 1,5 l &#8211; Schraubverschluss<br \/>\nTafelwein<\/p>\n","protected":false},"featured_media":4235,"template":"","meta":{"_acf_changed":false},"product_cat":[1083,1079],"product_tag":[],"class_list":{"0":"post-4234","1":"product","2":"type-product","3":"status-publish","4":"has-post-thumbnail","6":"product_cat-15-lt-flasche","7":"product_cat-schraubverschluss","8":"pa_country-of-origin-hauptsaechlich-die-region-venetien-je-nach-jahrgangstrend-waehlen-wir-auch-trauben-aus-anderen-italienischen-regionen-aus","9":"pa_ean-code-8000084251536-de","10":"pa_grado-alcolico-gr-eff-105-vol-gr-tot-11-vol-lieblich","11":"pa_organic-features-farbe-helles-strohgelb-geschmack-trocken-frisch-bouquet-zart-angenehm-leicht-mandelartig","12":"pa_packaging-15-liter-flasche-schraubverschluss-in-schrumpfpackungen-mit-6-flaschen","13":"pa_temperature-12-14-c-de","14":"pa_vineyard-auswahl-an-vielen-sorten-weisser-trauben","16":"first","17":"instock","18":"shipping-taxable","19":"product-type-simple"},"acf":[],"_links":{"self":[{"href":"https:\/\/vinipavan.it\/de\/wp-json\/wp\/v2\/product\/4234"}],"collection":[{"href":"https:\/\/vinipavan.it\/de\/wp-json\/wp\/v2\/product"}],"about":[{"href":"https:\/\/vinipavan.it\/de\/wp-json\/wp\/v2\/types\/product"}],"wp:featuredmedia":[{"embeddable":true,"href":"https:\/\/vinipavan.it\/de\/wp-json\/wp\/v2\/media\/4235"}],"wp:attachment":[{"href":"https:\/\/vinipavan.it\/de\/wp-json\/wp\/v2\/media?parent=4234"}],"wp:term":[{"taxonomy":"product_cat","embeddable":true,"href":"https:\/\/vinipavan.it\/de\/wp-json\/wp\/v2\/product_cat?post=4234"},{"taxonomy":"product_tag","embeddable":true,"href":"https:\/\/vinipavan.it\/de\/wp-json\/wp\/v2\/product_tag?post=4234"}],"curies":[{"name":"wp","href":"https:\/\/api.w.org\/{rel}","templated":true}]}}