{"id":4239,"date":"2015-11-26T00:00:00","date_gmt":"2015-11-25T23:00:00","guid":{"rendered":"https:\/\/vinipavan.it\/prodotto\/cabernet-veneto-igt-15-lt\/"},"modified":"2021-05-14T10:23:09","modified_gmt":"2021-05-14T08:23:09","slug":"cabernet-veneto-igt-15-lt-de","status":"publish","type":"product","link":"https:\/\/vinipavan.it\/de\/prodotto\/cabernet-veneto-igt-15-lt-de\/","title":{"rendered":"CABERNET VENETO IGT 1,5 LT."},"content":{"rendered":"<p>Cabernet Veneto IGT 1,5 l &#8211; Schraubverschluss<\/p>\n<p><strong>Abstimmung<\/strong><\/p>\n<p align=\"JUSTIFY\">Wein &#8220;f\u00fcr jeden Tag\u201c. Dank seiner Frische und seines moderaten Alkoholgehalts k\u00f6nnen Sie diesen Wein mit Ihren t\u00e4glichen Speisen kombinieren. Passt am besten zu Risotto auf Fleischbasis, mittel bis stark gereiften K\u00e4sesorten und hellem wie dunklem Fleisch.<\/p>\n<p align=\"JUSTIFY\"><strong>COD: 110 431 501<\/strong><\/p>\n","protected":false},"excerpt":{"rendered":"<p>Cabernet Veneto IGT 1,5 l &#8211; Schraubverschluss<\/p>\n","protected":false},"featured_media":4240,"template":"","meta":{"_acf_changed":false},"product_cat":[1083,1079],"product_tag":[],"class_list":{"0":"post-4239","1":"product","2":"type-product","3":"status-publish","4":"has-post-thumbnail","6":"product_cat-15-lt-flasche","7":"product_cat-schraubverschluss","8":"pa_country-of-origin-oestliches-venetien-insbesondere-bevorzugen-wir-einige-gebiete-in-den-provinzen-treviso-und-venedig-die-fuer-diese-sorte-zweifellos-geeignet-sind","9":"pa_ean-code-8000084341534-de","10":"pa_grado-alcolico-gr-eff-105-vol-gr-tot-11-vol-lieblich","11":"pa_organic-features-farbe-rubinrot-geschmack-samtig-leicht-grasartig-bouquet-weinig-intensiv-charakteristisch","12":"pa_packaging-15-liter-flasche-schraubverschluss-in-schrumpfpackungen-mit-6-flaschen","13":"pa_temperature-16-18-c-de","14":"pa_vineyard-cabernet-franc-e-cabernet-sauvignon-de","16":"first","17":"instock","18":"shipping-taxable","19":"product-type-simple"},"acf":[],"_links":{"self":[{"href":"https:\/\/vinipavan.it\/de\/wp-json\/wp\/v2\/product\/4239"}],"collection":[{"href":"https:\/\/vinipavan.it\/de\/wp-json\/wp\/v2\/product"}],"about":[{"href":"https:\/\/vinipavan.it\/de\/wp-json\/wp\/v2\/types\/product"}],"wp:featuredmedia":[{"embeddable":true,"href":"https:\/\/vinipavan.it\/de\/wp-json\/wp\/v2\/media\/4240"}],"wp:attachment":[{"href":"https:\/\/vinipavan.it\/de\/wp-json\/wp\/v2\/media?parent=4239"}],"wp:term":[{"taxonomy":"product_cat","embeddable":true,"href":"https:\/\/vinipavan.it\/de\/wp-json\/wp\/v2\/product_cat?post=4239"},{"taxonomy":"product_tag","embeddable":true,"href":"https:\/\/vinipavan.it\/de\/wp-json\/wp\/v2\/product_tag?post=4239"}],"curies":[{"name":"wp","href":"https:\/\/api.w.org\/{rel}","templated":true}]}}