{"id":4278,"date":"2015-11-02T00:00:00","date_gmt":"2015-11-01T23:00:00","guid":{"rendered":"https:\/\/vinipavan.it\/prodotto\/cabernet-veneto-igt\/"},"modified":"2021-05-13T09:29:30","modified_gmt":"2021-05-13T07:29:30","slug":"cabernet-veneto-igt-de","status":"publish","type":"product","link":"https:\/\/vinipavan.it\/de\/prodotto\/cabernet-veneto-igt-de\/","title":{"rendered":"CABERNET VENETO IGT"},"content":{"rendered":"<p>Cabernet Veneto IGT 0,75 l Linie \u201cCasavecia\u201d<\/p>\n<p><strong>Abstimmung<\/strong><\/p>\n<p align=\"JUSTIFY\">Ein junger, m\u00e4\u00dfig alkoholischer &#8220;trinkfertiger&#8221; Wein. Ideal zu Fleisch und K\u00e4se begleitet dieser Wein die Gerichte der allt\u00e4glichen K\u00fcche bestens.<\/p>\n<p align=\"JUSTIFY\"><strong>COD: 110 420 703<\/strong><\/p>\n","protected":false},"excerpt":{"rendered":"<p>Cabernet Veneto IGT 0,75 l Linie \u201cCasavecia\u201d<\/p>\n","protected":false},"featured_media":3684,"template":"","meta":{"_acf_changed":false},"product_cat":[1086,1084],"product_tag":[],"class_list":{"0":"post-4278","1":"product","2":"type-product","3":"status-publish","4":"has-post-thumbnail","6":"product_cat-linie-casavecia","7":"product_cat-stille-weine","8":"pa_country-of-origin-oestliches-venetien-venetien-hier-bevorzugen-wir-insbesondere-einige-im-laufe-der-jahre-ausgewaehlte-gebiete-in-den-provinzen-treviso-und-venedig","9":"pa_ean-code-8000084180713-de","10":"pa_grado-alcolico-gr-eff-105-vol-gr-tot-11-vol-lieblich","11":"pa_organic-features-farbe-leicht-blasses-rubinrot-geschmack-weich-und-harmonisch-bouquet-weinig-hervorstechend-grasartig","12":"pa_packaging-075-liter-flasche-korkverschluss-in-6er-kartons","13":"pa_temperature-16-18-c-de","14":"pa_vineyard-cabernet-sauvignon-de","16":"first","17":"instock","18":"shipping-taxable","19":"product-type-simple"},"acf":[],"_links":{"self":[{"href":"https:\/\/vinipavan.it\/de\/wp-json\/wp\/v2\/product\/4278"}],"collection":[{"href":"https:\/\/vinipavan.it\/de\/wp-json\/wp\/v2\/product"}],"about":[{"href":"https:\/\/vinipavan.it\/de\/wp-json\/wp\/v2\/types\/product"}],"wp:featuredmedia":[{"embeddable":true,"href":"https:\/\/vinipavan.it\/de\/wp-json\/wp\/v2\/media\/3684"}],"wp:attachment":[{"href":"https:\/\/vinipavan.it\/de\/wp-json\/wp\/v2\/media?parent=4278"}],"wp:term":[{"taxonomy":"product_cat","embeddable":true,"href":"https:\/\/vinipavan.it\/de\/wp-json\/wp\/v2\/product_cat?post=4278"},{"taxonomy":"product_tag","embeddable":true,"href":"https:\/\/vinipavan.it\/de\/wp-json\/wp\/v2\/product_tag?post=4278"}],"curies":[{"name":"wp","href":"https:\/\/api.w.org\/{rel}","templated":true}]}}