{"id":4289,"date":"2015-11-02T00:00:00","date_gmt":"2015-11-01T23:00:00","guid":{"rendered":"https:\/\/vinipavan.it\/prodotto\/tai-bianco-veneto-igt-1-lt\/"},"modified":"2021-05-13T19:43:03","modified_gmt":"2021-05-13T17:43:03","slug":"tai-bianco-veneto-igt-1-lt-de","status":"publish","type":"product","link":"https:\/\/vinipavan.it\/de\/prodotto\/tai-bianco-veneto-igt-1-lt-de\/","title":{"rendered":"TAI BIANCO VENETO IGT 1 LT."},"content":{"rendered":"<p>Tai Bianco Veneto IGT 1 l &#8211; Schraubverschluss<\/p>\n<p align=\"JUSTIFY\"><strong>Abstimmung<\/strong><\/p>\n<p align=\"JUSTIFY\">Weicher, aber gleichzeitig vollmundiger und kr\u00e4ftiger Wein, hervorragend zu Gem\u00fcsesuppen, gegrilltem Fisch und Ziegenk\u00e4se. Es lohnt sich, diesen Wein mit Vitello Tonnato zu probieren!<\/p>\n<p align=\"JUSTIFY\"><strong>COD: 400 601 001<\/strong><\/p>\n","protected":false},"excerpt":{"rendered":"<p>Tai Bianco Veneto IGT 1 l &#8211; Schraubverschluss<\/p>\n","protected":false},"featured_media":4290,"template":"","meta":{"_acf_changed":false},"product_cat":[1082,1079],"product_tag":[],"class_list":{"0":"post-4289","1":"product","2":"type-product","3":"status-publish","4":"has-post-thumbnail","6":"product_cat-1-lt-flasche","7":"product_cat-schraubverschluss","8":"pa_country-of-origin-venetien-nsbesondere-bevorzugen-wir-hier-einige-im-laufe-der-jahre-sorgfaeltig-ausgewaehlte-gebiete-der-gegend-treviso-die-sich-unserer-meinung-nach-sehr-gut-fuer-diesen-weinstock-eignen","9":"pa_ean-code-8000084351007-de","10":"pa_grado-alcolico-gr-eff-115-vol-gr-tot-12-vol-lieblich","11":"pa_organic-features-farbe-zitronengelb-geschmack-frisch-harmonisch-samtig-bouquet-angenehm-erinnert-leicht-an-feldblumen","12":"pa_packaging-1-liter-flasche-schraubverschluss-in-koerben-mit-12-flaschen","13":"pa_temperature-10-12-c-de","14":"pa_vineyard-tai-veneto-de","16":"first","17":"instock","18":"shipping-taxable","19":"product-type-simple"},"acf":[],"_links":{"self":[{"href":"https:\/\/vinipavan.it\/de\/wp-json\/wp\/v2\/product\/4289"}],"collection":[{"href":"https:\/\/vinipavan.it\/de\/wp-json\/wp\/v2\/product"}],"about":[{"href":"https:\/\/vinipavan.it\/de\/wp-json\/wp\/v2\/types\/product"}],"wp:featuredmedia":[{"embeddable":true,"href":"https:\/\/vinipavan.it\/de\/wp-json\/wp\/v2\/media\/4290"}],"wp:attachment":[{"href":"https:\/\/vinipavan.it\/de\/wp-json\/wp\/v2\/media?parent=4289"}],"wp:term":[{"taxonomy":"product_cat","embeddable":true,"href":"https:\/\/vinipavan.it\/de\/wp-json\/wp\/v2\/product_cat?post=4289"},{"taxonomy":"product_tag","embeddable":true,"href":"https:\/\/vinipavan.it\/de\/wp-json\/wp\/v2\/product_tag?post=4289"}],"curies":[{"name":"wp","href":"https:\/\/api.w.org\/{rel}","templated":true}]}}