{"id":4293,"date":"2015-11-02T00:00:00","date_gmt":"2015-11-01T23:00:00","guid":{"rendered":"https:\/\/vinipavan.it\/prodotto\/merlot-veneto-igt-1-lt-105\/"},"modified":"2021-05-13T19:52:24","modified_gmt":"2021-05-13T17:52:24","slug":"merlot-veneto-igt-1-lt-105-vol-de","status":"publish","type":"product","link":"https:\/\/vinipavan.it\/de\/prodotto\/merlot-veneto-igt-1-lt-105-vol-de\/","title":{"rendered":"MERLOT VENETO IGT 1 LT. 10,5\u00b0 VOL"},"content":{"rendered":"<p>Merlot Veneto IGT 1 l 10,5\u00b0 vol. &#8211; Schraubverschluss<\/p>\n<p><strong>Abstimmung<\/strong><\/p>\n<p align=\"JUSTIFY\">Ein junger, m\u00e4\u00dfig alkoholischer &#8220;trinkfertiger&#8221; Wein. Passt gut zu allen Gerichten auf Fleischbasis sowie zu mittelreifem K\u00e4se.<\/p>\n<p align=\"JUSTIFY\"><strong>COD: 100 331 001\u00a0<\/strong><\/p>\n","protected":false},"excerpt":{"rendered":"<p>Merlot Veneto IGT 1 l 10,5\u00b0 vol. &#8211; Schraubverschluss<\/p>\n","protected":false},"featured_media":4294,"template":"","meta":{"_acf_changed":false},"product_cat":[1082,1079],"product_tag":[],"class_list":{"0":"post-4293","1":"product","2":"type-product","3":"status-publish","4":"has-post-thumbnail","6":"product_cat-1-lt-flasche","7":"product_cat-schraubverschluss","8":"pa_country-of-origin-neben-der-verwendung-von-trauben-aus-unseren-eigenen-weinbergen-die-wir-selbst-vinifizieren-bevorzugen-wir-trauben-aus-anderen-im-laufe-der-jahre-ausgewaehlten-gebieten-in-den-provinzen-treviso-und","9":"pa_ean-code-80000840110331-de","10":"pa_grado-alcolico-gr-eff-10-vol-gr-tot-105-vol-lieblich","11":"pa_organic-features-farbe-leicht-kraeftiges-rubinrot-geschmack-harmonisch-dezent-weich-bouquet-leicht-grasartig","12":"pa_packaging-1-liter-flasche-schraubverschluss-in-schrumpfpackungen","13":"pa_temperature-14-16-c-de","14":"pa_vineyard-merlot-de","16":"first","17":"instock","18":"shipping-taxable","19":"product-type-simple"},"acf":[],"_links":{"self":[{"href":"https:\/\/vinipavan.it\/de\/wp-json\/wp\/v2\/product\/4293"}],"collection":[{"href":"https:\/\/vinipavan.it\/de\/wp-json\/wp\/v2\/product"}],"about":[{"href":"https:\/\/vinipavan.it\/de\/wp-json\/wp\/v2\/types\/product"}],"wp:featuredmedia":[{"embeddable":true,"href":"https:\/\/vinipavan.it\/de\/wp-json\/wp\/v2\/media\/4294"}],"wp:attachment":[{"href":"https:\/\/vinipavan.it\/de\/wp-json\/wp\/v2\/media?parent=4293"}],"wp:term":[{"taxonomy":"product_cat","embeddable":true,"href":"https:\/\/vinipavan.it\/de\/wp-json\/wp\/v2\/product_cat?post=4293"},{"taxonomy":"product_tag","embeddable":true,"href":"https:\/\/vinipavan.it\/de\/wp-json\/wp\/v2\/product_tag?post=4293"}],"curies":[{"name":"wp","href":"https:\/\/api.w.org\/{rel}","templated":true}]}}