{"id":4295,"date":"2015-11-02T00:00:00","date_gmt":"2015-11-01T23:00:00","guid":{"rendered":"https:\/\/vinipavan.it\/prodotto\/pinot-bianco-veneto-igt\/"},"modified":"2021-05-13T09:33:35","modified_gmt":"2021-05-13T07:33:35","slug":"pinot-bianco-veneto-igt-de","status":"publish","type":"product","link":"https:\/\/vinipavan.it\/de\/prodotto\/pinot-bianco-veneto-igt-de\/","title":{"rendered":"PINOT BIANCO VENETO IGT"},"content":{"rendered":"<p><span lang=\"it-IT\">Pinot Bianco Veneto IGT 0,75 l Linie <\/span>\u201c<span lang=\"it-IT\">Casavecia<\/span>\u201d<\/p>\n<p align=\"JUSTIFY\"><strong>Abstimmung<\/strong><\/p>\n<p align=\"JUSTIFY\">Ein junger, m\u00e4\u00dfig alkoholischer &#8220;trinkfertiger&#8221; Wein. Begleitet Alltagsgerichte wie Nudelsalat, leichte Vorspeisen und ged\u00fcnsteten Fisch.<\/p>\n<p align=\"JUSTIFY\"><strong>COD: 420 420 703<\/strong><\/p>\n","protected":false},"excerpt":{"rendered":"<p><span lang=\"it-IT\">Pinot Bianco Veneto IGT 0,75 l Linie <\/span>\u201c<span lang=\"it-IT\">Casavecia<\/span>\u201d<\/p>\n","protected":false},"featured_media":4296,"template":"","meta":{"_acf_changed":false},"product_cat":[1086,1084],"product_tag":[],"class_list":{"0":"post-4295","1":"product","2":"type-product","3":"status-publish","4":"has-post-thumbnail","6":"product_cat-linie-casavecia","7":"product_cat-stille-weine","8":"pa_country-of-origin-venetien-hier-bevorzugen-wir-insbesondere-einige-im-laufe-der-jahre-ausgewaehlte-gebiete-in-den-provinzen-treviso-und-venedig","9":"pa_ean-code-8000084220716-de","10":"pa_grado-alcolico-gr-eff-105-vol-gr-tot-11-vol-lieblich","11":"pa_organic-features-farbe-strohgelb-geschmack-fruchtig-und-harmonisch-bouquet-zart-anhaltend-mit-leichtem-duft-nach-weisen-bluten","12":"pa_packaging-075-liter-flasche-korkverschluss-in-6er-kartons","13":"pa_temperature-8-10-c-de","14":"pa_vineyard-pinot-bianco-de","16":"first","17":"instock","18":"shipping-taxable","19":"product-type-simple"},"acf":[],"_links":{"self":[{"href":"https:\/\/vinipavan.it\/de\/wp-json\/wp\/v2\/product\/4295"}],"collection":[{"href":"https:\/\/vinipavan.it\/de\/wp-json\/wp\/v2\/product"}],"about":[{"href":"https:\/\/vinipavan.it\/de\/wp-json\/wp\/v2\/types\/product"}],"wp:featuredmedia":[{"embeddable":true,"href":"https:\/\/vinipavan.it\/de\/wp-json\/wp\/v2\/media\/4296"}],"wp:attachment":[{"href":"https:\/\/vinipavan.it\/de\/wp-json\/wp\/v2\/media?parent=4295"}],"wp:term":[{"taxonomy":"product_cat","embeddable":true,"href":"https:\/\/vinipavan.it\/de\/wp-json\/wp\/v2\/product_cat?post=4295"},{"taxonomy":"product_tag","embeddable":true,"href":"https:\/\/vinipavan.it\/de\/wp-json\/wp\/v2\/product_tag?post=4295"}],"curies":[{"name":"wp","href":"https:\/\/api.w.org\/{rel}","templated":true}]}}