{"id":4353,"date":"2015-11-02T00:00:00","date_gmt":"2015-11-01T23:00:00","guid":{"rendered":"https:\/\/vinipavan.it\/prodotto\/refosco-veneto-igt\/"},"modified":"2021-05-13T10:51:37","modified_gmt":"2021-05-13T08:51:37","slug":"refosco-veneto-igt-de","status":"publish","type":"product","link":"https:\/\/vinipavan.it\/de\/prodotto\/refosco-veneto-igt-de\/","title":{"rendered":"REFOSCO VENETO IGT"},"content":{"rendered":"<p lang=\"it-IT\">Refosco Veneto IGT 0,75 l Linie &#8220;Fattoria&#8221;<\/p>\n<p align=\"JUSTIFY\"><strong>Abstimmung<\/strong><\/p>\n<p align=\"JUSTIFY\">Suppen mit H\u00fclsenfr\u00fcchten oder Gem\u00fcse, Wurstwaren, gemischtes Fleisch vom Grill, gereifte, nicht scharfe K\u00e4sesorten.<\/p>\n<p align=\"JUSTIFY\"><strong>COD: 150 720 703<\/strong><\/p>\n","protected":false},"excerpt":{"rendered":"<p>Refosco Veneto IGT 0,75 l Linie &#8220;Fattoria&#8221;<\/p>\n","protected":false},"featured_media":4354,"template":"","meta":{"_acf_changed":false},"product_cat":[1088,1084],"product_tag":[],"class_list":{"0":"post-4353","1":"product","2":"type-product","3":"status-publish","4":"has-post-thumbnail","6":"product_cat-linie-fattoria-rotwein-12-vol","7":"product_cat-stille-weine","8":"pa_country-of-origin-venetien-wir-bevorzugen-hier-besonders-das-gebiet-des-oestlichen-venetiens-chiarano-motta-di-livenza","9":"pa_ean-code-8000084540715-de","10":"pa_grado-alcolico-12-vol-trocken","11":"pa_organic-features-farbe-intensives-granatrot-mit-violettem-schimmer-geschmack-trocken-streng-leicht-tanninhaltig-bouquet-charakteristisch-weinig","12":"pa_packaging-075-liter-flasche-korkverschluss-in-6er-kartons","13":"pa_temperature-18-c-nach-entkorken-der-flasche-wenige-minuten-vor-dem-servieren","14":"pa_vineyard-refosco-dal-peduncolo-rosso-de","16":"first","17":"instock","18":"shipping-taxable","19":"product-type-simple"},"acf":[],"_links":{"self":[{"href":"https:\/\/vinipavan.it\/de\/wp-json\/wp\/v2\/product\/4353"}],"collection":[{"href":"https:\/\/vinipavan.it\/de\/wp-json\/wp\/v2\/product"}],"about":[{"href":"https:\/\/vinipavan.it\/de\/wp-json\/wp\/v2\/types\/product"}],"wp:featuredmedia":[{"embeddable":true,"href":"https:\/\/vinipavan.it\/de\/wp-json\/wp\/v2\/media\/4354"}],"wp:attachment":[{"href":"https:\/\/vinipavan.it\/de\/wp-json\/wp\/v2\/media?parent=4353"}],"wp:term":[{"taxonomy":"product_cat","embeddable":true,"href":"https:\/\/vinipavan.it\/de\/wp-json\/wp\/v2\/product_cat?post=4353"},{"taxonomy":"product_tag","embeddable":true,"href":"https:\/\/vinipavan.it\/de\/wp-json\/wp\/v2\/product_tag?post=4353"}],"curies":[{"name":"wp","href":"https:\/\/api.w.org\/{rel}","templated":true}]}}