{"id":4363,"date":"2015-11-02T00:00:00","date_gmt":"2015-11-01T23:00:00","guid":{"rendered":"https:\/\/vinipavan.it\/prodotto\/valpolicella-doc-12\/"},"modified":"2021-05-13T15:53:09","modified_gmt":"2021-05-13T13:53:09","slug":"valpolicella-doc-12-vol-de","status":"publish","type":"product","link":"https:\/\/vinipavan.it\/de\/prodotto\/valpolicella-doc-12-vol-de\/","title":{"rendered":"VALPOLICELLA DOC 12\u00b0 VOL"},"content":{"rendered":"<p>Valpolicella DOC 12\u00b0 Vol. 0,75 l<\/p>\n<p><strong>Abstimmung<\/strong><\/p>\n<p align=\"JUSTIFY\">Ausgezeichnet mit nicht anspruchsvollen Gerichten, die typisch f\u00fcr das t\u00e4gliche Essen sind, wie Nudeln mit Sauce, rotes Fleisch, Aufschnitt und Weichk\u00e4se.<\/p>\n<p align=\"JUSTIFY\"><strong>COD: 661 620 703<\/strong><\/p>\n","protected":false},"excerpt":{"rendered":"<p>Valpolicella DOC 12\u00b0 Vol. 0,75 l<\/p>\n","protected":false},"featured_media":4364,"template":"","meta":{"_acf_changed":false},"product_cat":[1091,1084],"product_tag":[],"class_list":{"0":"post-4363","1":"product","2":"type-product","3":"status-publish","4":"has-post-thumbnail","6":"product_cat-doc-weine","7":"product_cat-stille-weine","8":"pa_country-of-origin-gebiet-garda-verona-abgegrenzt-nach-den-vorgaben","9":"pa_ean-code-8000084390716-de","10":"pa_grado-alcolico-12-vol-trocken","11":"pa_organic-features-farbe-leicht-kraftiges-rubinrot-geschmack-trocken-mit-korper-leicht-bitter-harmonisch-kraftig-bouquet-duftend-fruchtig-weichsel-und-kirsche","12":"pa_packaging-075-liter-flasche-korkverschluss-in-6er-kartons","13":"pa_temperature-14-16-c-de","14":"pa_vineyard-corvina-veronese-von-40-bis-70-rondinella-von-20-bis-40-molinara-von-5-bis-25-und-andere-bis-zu-einem-maximum-von-15","16":"first","17":"instock","18":"shipping-taxable","19":"product-type-simple"},"acf":[],"_links":{"self":[{"href":"https:\/\/vinipavan.it\/de\/wp-json\/wp\/v2\/product\/4363"}],"collection":[{"href":"https:\/\/vinipavan.it\/de\/wp-json\/wp\/v2\/product"}],"about":[{"href":"https:\/\/vinipavan.it\/de\/wp-json\/wp\/v2\/types\/product"}],"wp:featuredmedia":[{"embeddable":true,"href":"https:\/\/vinipavan.it\/de\/wp-json\/wp\/v2\/media\/4364"}],"wp:attachment":[{"href":"https:\/\/vinipavan.it\/de\/wp-json\/wp\/v2\/media?parent=4363"}],"wp:term":[{"taxonomy":"product_cat","embeddable":true,"href":"https:\/\/vinipavan.it\/de\/wp-json\/wp\/v2\/product_cat?post=4363"},{"taxonomy":"product_tag","embeddable":true,"href":"https:\/\/vinipavan.it\/de\/wp-json\/wp\/v2\/product_tag?post=4363"}],"curies":[{"name":"wp","href":"https:\/\/api.w.org\/{rel}","templated":true}]}}