{"id":4373,"date":"2015-11-02T00:00:00","date_gmt":"2015-11-01T23:00:00","guid":{"rendered":"https:\/\/vinipavan.it\/prodotto\/merlot-piave-doc-12\/"},"modified":"2021-05-13T16:28:49","modified_gmt":"2021-05-13T14:28:49","slug":"merlot-piave-doc-12-vol-de","status":"publish","type":"product","link":"https:\/\/vinipavan.it\/de\/prodotto\/merlot-piave-doc-12-vol-de\/","title":{"rendered":"MERLOT PIAVE DOC 12\u00b0 VOL"},"content":{"rendered":"<p>Merlot Piave DOC 12\u00b0 vol. 0,75 lt.<\/p>\n<p><strong>Abstimmung<\/strong><\/p>\n<p>Idealer Partner f\u00fcr eher kr\u00e4ftigere Speisen, Eint\u00f6pfe, Braten und frischen wie gereiften K\u00e4se.<\/p>\n<dl>\n<dt>COD: <strong>650 720 703<\/strong><\/dt>\n<\/dl>\n","protected":false},"excerpt":{"rendered":"<p>Merlot Piave DOC 12\u00b0 vol. 0,75 lt.<\/p>\n","protected":false},"featured_media":4374,"template":"","meta":{"_acf_changed":false},"product_cat":[1091,1084],"product_tag":[],"class_list":{"0":"post-4373","1":"product","2":"type-product","3":"status-publish","4":"has-post-thumbnail","6":"product_cat-doc-weine","7":"product_cat-stille-weine","8":"pa_country-of-origin-gebiet-das-in-das-becken-des-flusses-piave-faellt-abgegrenzt-gemaess-den-vorgaben-hier-bevorzugen-wir-das-gebiet-von-salgareda-und-roncade","9":"pa_ean-code-8000084670719-de","10":"pa_grado-alcolico-12-vol-trocken","11":"pa_organic-features-farbe-rubinrot-mit-violettem-schimmer-geschmack-trocken-ausgeglichen-harmonisch-und-gut-ausgebaut-bouquet-wenig-intensiv-aber-angenehm","12":"pa_packaging-075-liter-flasche-korkverschluss-in-6er-kartons","13":"pa_temperature-16-18-c-nach-entkorken-der-flasche-wenige-minuten-vor-dem-servieren","14":"pa_vineyard-merlot-de","16":"first","17":"instock","18":"shipping-taxable","19":"product-type-simple"},"acf":[],"_links":{"self":[{"href":"https:\/\/vinipavan.it\/de\/wp-json\/wp\/v2\/product\/4373"}],"collection":[{"href":"https:\/\/vinipavan.it\/de\/wp-json\/wp\/v2\/product"}],"about":[{"href":"https:\/\/vinipavan.it\/de\/wp-json\/wp\/v2\/types\/product"}],"wp:featuredmedia":[{"embeddable":true,"href":"https:\/\/vinipavan.it\/de\/wp-json\/wp\/v2\/media\/4374"}],"wp:attachment":[{"href":"https:\/\/vinipavan.it\/de\/wp-json\/wp\/v2\/media?parent=4373"}],"wp:term":[{"taxonomy":"product_cat","embeddable":true,"href":"https:\/\/vinipavan.it\/de\/wp-json\/wp\/v2\/product_cat?post=4373"},{"taxonomy":"product_tag","embeddable":true,"href":"https:\/\/vinipavan.it\/de\/wp-json\/wp\/v2\/product_tag?post=4373"}],"curies":[{"name":"wp","href":"https:\/\/api.w.org\/{rel}","templated":true}]}}