{"id":4383,"date":"2015-11-02T00:00:00","date_gmt":"2015-11-01T23:00:00","guid":{"rendered":"https:\/\/vinipavan.it\/prodotto\/vino-bianco-ombreta-1-lt\/"},"modified":"2021-05-13T19:18:07","modified_gmt":"2021-05-13T17:18:07","slug":"vino-bianco-ombreta-1-lt-de","status":"publish","type":"product","link":"https:\/\/vinipavan.it\/de\/prodotto\/vino-bianco-ombreta-1-lt-de\/","title":{"rendered":"VINO BIANCO &#8220;OMBRETA&#8221; 1 LT."},"content":{"rendered":"<p>Wei\u00dfwein &#8220;Ombreta\u201c 1 l.<br \/>\nTafelwein<\/p>\n<p align=\"JUSTIFY\"><strong>Abstimmung<\/strong><\/p>\n<p align=\"JUSTIFY\">Wein &#8220;f\u00fcr jeden Tag\u201c. Dank seiner Frische und seines moderaten Alkoholgehalts k\u00f6nnen Sie diesen Wein mit Ihren t\u00e4glichen Speisen kombinieren. Passt hervorragend zu Suppen und weniger \u00fcppigen ersten G\u00e4ngen, frischem Fisch und K\u00e4se.<\/p>\n<p align=\"JUSTIFY\"><strong>COD: 500 301 001<\/strong><\/p>\n","protected":false},"excerpt":{"rendered":"<p>Wei\u00dfwein &#8220;Ombreta\u201c 1 l.<br \/>\nTafelwein<\/p>\n","protected":false},"featured_media":4384,"template":"","meta":{"_acf_changed":false},"product_cat":[1082,1079],"product_tag":[],"class_list":{"0":"post-4383","1":"product","2":"type-product","3":"status-publish","4":"has-post-thumbnail","6":"product_cat-1-lt-flasche","7":"product_cat-schraubverschluss","8":"pa_country-of-origin-hauptsaechlich-die-region-venetien-je-nach-jahrgangstrend-waehlen-wir-auch-trauben-aus-anderen-italienischen-regionen-aus","9":"pa_ean-code-8000084091002-de","10":"pa_grado-alcolico-gr-eff-10-vol-gr-tot-105-vol-lieblich","11":"pa_organic-features-farbe-helles-strohgelb-geschmack-trocken-frisch-bouquet-zart-angenehm-leicht-mandelartig","12":"pa_packaging-1-liter-flasche-schraubverschluss-in-koerben-mit-12-flaschen","13":"pa_temperature-12-14-c-de","14":"pa_vineyard-auswahl-an-vielen-sorten-weisser-trauben","16":"first","17":"instock","18":"shipping-taxable","19":"product-type-simple"},"acf":[],"_links":{"self":[{"href":"https:\/\/vinipavan.it\/de\/wp-json\/wp\/v2\/product\/4383"}],"collection":[{"href":"https:\/\/vinipavan.it\/de\/wp-json\/wp\/v2\/product"}],"about":[{"href":"https:\/\/vinipavan.it\/de\/wp-json\/wp\/v2\/types\/product"}],"wp:featuredmedia":[{"embeddable":true,"href":"https:\/\/vinipavan.it\/de\/wp-json\/wp\/v2\/media\/4384"}],"wp:attachment":[{"href":"https:\/\/vinipavan.it\/de\/wp-json\/wp\/v2\/media?parent=4383"}],"wp:term":[{"taxonomy":"product_cat","embeddable":true,"href":"https:\/\/vinipavan.it\/de\/wp-json\/wp\/v2\/product_cat?post=4383"},{"taxonomy":"product_tag","embeddable":true,"href":"https:\/\/vinipavan.it\/de\/wp-json\/wp\/v2\/product_tag?post=4383"}],"curies":[{"name":"wp","href":"https:\/\/api.w.org\/{rel}","templated":true}]}}