{"id":4419,"date":"2015-11-02T00:00:00","date_gmt":"2015-11-01T23:00:00","guid":{"rendered":"https:\/\/vinipavan.it\/prodotto\/raboso-veneto-frizzante-igt\/"},"modified":"2021-05-13T18:07:31","modified_gmt":"2021-05-13T16:07:31","slug":"raboso-veneto-frizzante-igt-de","status":"publish","type":"product","link":"https:\/\/vinipavan.it\/de\/prodotto\/raboso-veneto-frizzante-igt-de\/","title":{"rendered":"RABOSO VENETO FRIZZANTE IGT"},"content":{"rendered":"<p><span lang=\"it-IT\">Raboso Veneto Frizzante IGT 0,75 l<\/span><br \/>\nLieblicher Perlwein (durch nat\u00fcrliche G\u00e4rung gewonnen, &#8220;Charmat&#8221;-Methode)<\/p>\n<p><strong>Abstimmung<\/strong><\/p>\n<p align=\"JUSTIFY\">Angenehmer Begleiter f\u00fcr warme und kalte Imbisse, Pizzen und Wurstwaren. Empfohlen als Wein f\u00fcr alle Gerichte, von gegrilltem Gem\u00fcse bis zu wei\u00dfem Fleisch, \u00fcber Nudelgerichte mit Fleischsauce bis hin zu gereiftem K\u00e4se.<\/p>\n<p align=\"JUSTIFY\"><strong>COD: 752 520 703<\/strong><\/p>\n","protected":false},"excerpt":{"rendered":"<p><span lang=\"it-IT\">Raboso Veneto Frizzante IGT 0,75 l<\/span><\/p>\n","protected":false},"featured_media":4041,"template":"","meta":{"_acf_changed":false},"product_cat":[1092,1098],"product_tag":[],"class_list":{"0":"post-4419","1":"product","2":"type-product","3":"status-publish","4":"has-post-thumbnail","6":"product_cat-prickelnde-weine","7":"product_cat-raboso-prickelnde","8":"pa_country-of-origin-venetien-insbesondere-bevorzugen-wir-einige-gebiete-in-der-provinz-treviso-die-fuer-diese-sorte-geeignet-sind","9":"pa_ean-code-8000084490751-de","10":"pa_grado-alcolico-11-vol-suess","11":"pa_organic-features-farbe-kraftiges-rubinrot-reichhaltiger-und-anhaltender-schaum-geschmack-sus-wurzig-und-harmonisch-bouquet-fruchtig-mit-breiten-aromatischen-duftnoten-die-an-waldbeeren-erinnern","12":"pa_packaging-075-liter-flasche-korkverschluss-in-6er-kartons","13":"pa_temperature-10-12-c-de","14":"pa_vineyard-raboso-veronese-de","16":"first","17":"instock","18":"shipping-taxable","19":"product-type-simple"},"acf":[],"_links":{"self":[{"href":"https:\/\/vinipavan.it\/de\/wp-json\/wp\/v2\/product\/4419"}],"collection":[{"href":"https:\/\/vinipavan.it\/de\/wp-json\/wp\/v2\/product"}],"about":[{"href":"https:\/\/vinipavan.it\/de\/wp-json\/wp\/v2\/types\/product"}],"wp:featuredmedia":[{"embeddable":true,"href":"https:\/\/vinipavan.it\/de\/wp-json\/wp\/v2\/media\/4041"}],"wp:attachment":[{"href":"https:\/\/vinipavan.it\/de\/wp-json\/wp\/v2\/media?parent=4419"}],"wp:term":[{"taxonomy":"product_cat","embeddable":true,"href":"https:\/\/vinipavan.it\/de\/wp-json\/wp\/v2\/product_cat?post=4419"},{"taxonomy":"product_tag","embeddable":true,"href":"https:\/\/vinipavan.it\/de\/wp-json\/wp\/v2\/product_tag?post=4419"}],"curies":[{"name":"wp","href":"https:\/\/api.w.org\/{rel}","templated":true}]}}