{"id":4440,"date":"2015-11-02T00:00:00","date_gmt":"2015-11-01T23:00:00","guid":{"rendered":"https:\/\/vinipavan.it\/prodotto\/prosecco-doc-treviso-frizzante-t-r\/"},"modified":"2021-05-13T17:51:06","modified_gmt":"2021-05-13T15:51:06","slug":"prosecco-doc-treviso-frizzante-kork-de","status":"publish","type":"product","link":"https:\/\/vinipavan.it\/de\/prodotto\/prosecco-doc-treviso-frizzante-kork-de\/","title":{"rendered":"PROSECCO DOC TREVISO FRIZZANTE &#8211; KORK"},"content":{"rendered":"<p><span lang=\"it-IT\">Prosecco Treviso DOC 0,75 l Linie &#8220;San Biagio&#8221; &#8211; Kork<\/span><br \/>\nPerlwein (durch nat\u00fcrliche G\u00e4rung gewonnen, &#8220;Charmat&#8221;-Methode)<\/p>\n<p align=\"JUSTIFY\"><strong>Abstimmung<\/strong><\/p>\n<p align=\"JUSTIFY\">Die Frische und Lebendigkeit dieses Weins machen ihn zu einem angenehmen Begleiter f\u00fcr jede Art von Anlass. Hervorragend zu Fischgerichten. Unerl\u00e4sslich f\u00fcr die Zubereitung von \u201eSgroppino\u201c und \u201eSpritz\u201c!<\/p>\n<p align=\"JUSTIFY\"><strong>COD: 791 520 703<\/strong><\/p>\n","protected":false},"excerpt":{"rendered":"<p><span lang=\"it-IT\">Prosecco Treviso DOC 0,75 l Linie &#8220;San Biagio&#8221; &#8211; Kork<\/span><\/p>\n","protected":false},"featured_media":4441,"template":"","meta":{"_acf_changed":false},"product_cat":[1095,1092],"product_tag":[],"class_list":{"0":"post-4440","1":"product","2":"type-product","3":"status-publish","4":"has-post-thumbnail","6":"product_cat-linie-prickelnde-san-biagio-kork","7":"product_cat-prickelnde-weine","8":"pa_country-of-origin-neben-der-verwendung-von-trauben-aus-unseren-eigenen-weinbergen-und-der-eigenen-vinifizierung-bevorzugen-wir-die-am-besten-geeigneten-gebiete-der-marca-trevigiana-gemeint-ist-damit-die-provinz-trevis","9":"pa_ean-code-8000084450717-de","10":"pa_grado-alcolico-11-vol-lieblich","11":"pa_organic-features-farbe-strohgelb-schimmernd-mit-feiner-und-anhaltender-perlbildung-geschmack-zart-angenehm-angenehm-duftend-bouquet-fein-frisch-fruchtig","12":"pa_packaging-075-liter-flasche-korkverschluss-in-6er-kartons","13":"pa_temperature-8-c-de","14":"pa_vineyard-glera-de","16":"first","17":"instock","18":"shipping-taxable","19":"product-type-simple"},"acf":[],"_links":{"self":[{"href":"https:\/\/vinipavan.it\/de\/wp-json\/wp\/v2\/product\/4440"}],"collection":[{"href":"https:\/\/vinipavan.it\/de\/wp-json\/wp\/v2\/product"}],"about":[{"href":"https:\/\/vinipavan.it\/de\/wp-json\/wp\/v2\/types\/product"}],"wp:featuredmedia":[{"embeddable":true,"href":"https:\/\/vinipavan.it\/de\/wp-json\/wp\/v2\/media\/4441"}],"wp:attachment":[{"href":"https:\/\/vinipavan.it\/de\/wp-json\/wp\/v2\/media?parent=4440"}],"wp:term":[{"taxonomy":"product_cat","embeddable":true,"href":"https:\/\/vinipavan.it\/de\/wp-json\/wp\/v2\/product_cat?post=4440"},{"taxonomy":"product_tag","embeddable":true,"href":"https:\/\/vinipavan.it\/de\/wp-json\/wp\/v2\/product_tag?post=4440"}],"curies":[{"name":"wp","href":"https:\/\/api.w.org\/{rel}","templated":true}]}}