{"id":4452,"date":"2015-11-02T00:00:00","date_gmt":"2015-11-01T23:00:00","guid":{"rendered":"https:\/\/vinipavan.it\/prodotto\/moscato-veneto-frizzante-igt\/"},"modified":"2021-05-13T14:54:29","modified_gmt":"2021-05-13T12:54:29","slug":"moscato-veneto-frizzante-igt-kork-de","status":"publish","type":"product","link":"https:\/\/vinipavan.it\/de\/prodotto\/moscato-veneto-frizzante-igt-kork-de\/","title":{"rendered":"MOSCATO VENETO FRIZZANTE IGT &#8211; KORK"},"content":{"rendered":"<p><span lang=\"it-IT\">Moscato Veneto Vino Frizzante IGT 0,75 l Linie &#8220;San Biagio&#8221; &#8211; Kork<\/span><br \/>\nPerlwein (durch nat\u00fcrliche G\u00e4rung gewonnen, &#8220;Charmat&#8221;-Methode)<\/p>\n<p><strong>Abstimmung<\/strong><\/p>\n<p>Trockengeb\u00e4ck oder hausgemachte S\u00fc\u00dfspeisen.<\/p>\n<p><strong>COD: 782 020 703<\/strong><\/p>\n","protected":false},"excerpt":{"rendered":"<p><span lang=\"it-IT\">Moscato Veneto Vino Frizzante IGT 0,75 l Linie &#8220;San Biagio&#8221; &#8211; Kork<\/span><\/p>\n","protected":false},"featured_media":4453,"template":"","meta":{"_acf_changed":false},"product_cat":[1095,1092],"product_tag":[],"class_list":{"0":"post-4452","1":"product","2":"type-product","3":"status-publish","4":"has-post-thumbnail","6":"product_cat-linie-prickelnde-san-biagio-kork","7":"product_cat-prickelnde-weine","8":"pa_country-of-origin-venetien-hier-bevorzugen-wir-insbesondere-das-anbaugebiet-der-colli-euganei","9":"pa_ean-code-80000848560713-de","10":"pa_grado-alcolico-gr-eff-7-vol-gr-tot-11-vol-de","11":"pa_organic-features-farbe-strohgelb-geschmack-trocken-vollmundig-und-harmonisch-bouquet-besonders-intensiv-nach-feldblumen-und-akazie-duftend","12":"pa_packaging-075-liter-flasche-korkverschluss-in-6er-kartons","13":"pa_temperature-8-10-c-de","14":"pa_vineyard-moscato-bianco-de","16":"first","17":"instock","18":"shipping-taxable","19":"product-type-simple"},"acf":[],"_links":{"self":[{"href":"https:\/\/vinipavan.it\/de\/wp-json\/wp\/v2\/product\/4452"}],"collection":[{"href":"https:\/\/vinipavan.it\/de\/wp-json\/wp\/v2\/product"}],"about":[{"href":"https:\/\/vinipavan.it\/de\/wp-json\/wp\/v2\/types\/product"}],"wp:featuredmedia":[{"embeddable":true,"href":"https:\/\/vinipavan.it\/de\/wp-json\/wp\/v2\/media\/4453"}],"wp:attachment":[{"href":"https:\/\/vinipavan.it\/de\/wp-json\/wp\/v2\/media?parent=4452"}],"wp:term":[{"taxonomy":"product_cat","embeddable":true,"href":"https:\/\/vinipavan.it\/de\/wp-json\/wp\/v2\/product_cat?post=4452"},{"taxonomy":"product_tag","embeddable":true,"href":"https:\/\/vinipavan.it\/de\/wp-json\/wp\/v2\/product_tag?post=4452"}],"curies":[{"name":"wp","href":"https:\/\/api.w.org\/{rel}","templated":true}]}}