{"id":4465,"date":"2015-04-06T00:00:00","date_gmt":"2015-04-05T22:00:00","guid":{"rendered":"https:\/\/vinipavan.it\/prodotto\/moscato-spumante-dolce\/"},"modified":"2021-05-13T18:26:47","modified_gmt":"2021-05-13T16:26:47","slug":"moscato-spumante-dolce-de","status":"publish","type":"product","link":"https:\/\/vinipavan.it\/de\/prodotto\/moscato-spumante-dolce-de\/","title":{"rendered":"MOSCATO SPUMANTE DOLCE"},"content":{"rendered":"<p>Moscato Spumante S\u00fc\u00dfer 0,75 l<\/p>\n<p><strong>Abstimmung<\/strong><\/p>\n<p align=\"JUSTIFY\">Ausgezeichneter Wein zu allen Desserts, Obst und S\u00fc\u00dfigkeiten. Au\u00dferdem f\u00fcr die Zubereitung von Fruchtcocktails geeignet. Ideal zum Abschluss von Trinkspr\u00fcchen und anl\u00e4sslich von Feierlichkeiten.<\/p>\n<p align=\"JUSTIFY\"><strong>COD: 860 020 703<\/strong><\/p>\n","protected":false},"excerpt":{"rendered":"<p>Moscato Spumante S\u00fc\u00dfer 0,75 l<\/p>\n","protected":false},"featured_media":4466,"template":"","meta":{"_acf_changed":false},"product_cat":[1102,1100],"product_tag":[],"class_list":{"0":"post-4465","1":"product","2":"type-product","3":"status-publish","4":"has-post-thumbnail","6":"product_cat-moscato-spumante-dolce-de","7":"product_cat-sektweine","8":"pa_country-of-origin-piemont-insbesondere-das-gebiet-der-provinz-asti","9":"pa_ean-code-8000084850715-de","10":"pa_grado-alcolico-65vol-suser","11":"pa_organic-features-farbe-strohgelb-geschmack-sus-harmonisch-und-charakteristisch-bouquet-duftend-anhaltend-und-typisch","12":"pa_packaging-075-liter-flasche-korkverschluss-in-pilzform-in-12er-kartons","13":"pa_temperature-6-8-c-de","14":"pa_vineyard-moscato-bianco-de","16":"first","17":"instock","18":"shipping-taxable","19":"product-type-simple"},"acf":[],"_links":{"self":[{"href":"https:\/\/vinipavan.it\/de\/wp-json\/wp\/v2\/product\/4465"}],"collection":[{"href":"https:\/\/vinipavan.it\/de\/wp-json\/wp\/v2\/product"}],"about":[{"href":"https:\/\/vinipavan.it\/de\/wp-json\/wp\/v2\/types\/product"}],"wp:featuredmedia":[{"embeddable":true,"href":"https:\/\/vinipavan.it\/de\/wp-json\/wp\/v2\/media\/4466"}],"wp:attachment":[{"href":"https:\/\/vinipavan.it\/de\/wp-json\/wp\/v2\/media?parent=4465"}],"wp:term":[{"taxonomy":"product_cat","embeddable":true,"href":"https:\/\/vinipavan.it\/de\/wp-json\/wp\/v2\/product_cat?post=4465"},{"taxonomy":"product_tag","embeddable":true,"href":"https:\/\/vinipavan.it\/de\/wp-json\/wp\/v2\/product_tag?post=4465"}],"curies":[{"name":"wp","href":"https:\/\/api.w.org\/{rel}","templated":true}]}}